{"id":1339,"date":"2023-11-23T15:59:47","date_gmt":"2023-11-23T15:59:47","guid":{"rendered":"https:\/\/praia-do-canal-staging.ms.decms.eu\/?page_id=1339"},"modified":"2023-11-23T16:20:31","modified_gmt":"2023-11-23T16:20:31","slug":"natal","status":"publish","type":"page","link":"http:\/\/www.jardinsdolago.com\/pt-pt\/natal\/","title":{"rendered":"Natal"},"content":{"rendered":"<p>Nesta \u00e9poca festiva desfrute de cocktails e bebidas quentes no nosso Medronho Bar &amp; Lounge, de del\u00edcias culin\u00e1rias no nosso Restaurante Azeitona e de tratamentos e terapias transformadoras no nosso Esteva Spa. Retire-se para um mundo de pura felicidade e serenidade neste Natal.<\/p>\n","protected":false},"excerpt":{"rendered":"<p>Nesta \u00e9poca festiva desfrute de cocktails e bebidas quentes no nosso Medronho Bar &amp; Lounge, de del\u00edcias culin\u00e1rias no nosso Restaurante Azeitona e de tratamentos e terapias transformadoras no nosso Esteva Spa. Retire-se para um mundo de pura felicidade e serenidade neste Natal.<\/p>\n","protected":false},"author":442,"featured_media":1341,"parent":0,"menu_order":76,"comment_status":"closed","ping_status":"closed","template":"template-experiences.php","meta":{"footnotes":""},"categories":[],"class_list":["post-1339","page","type-page","status-publish","has-post-thumbnail","hentry"],"yoast_head":"<!-- This site is optimized with the Yoast SEO plugin v26.9 - https:\/\/yoast.com\/product\/yoast-seo-wordpress\/ -->\n<title>Natal - Quinta Jardins do Lago -<\/title>\n<meta name=\"description\" content=\"Nesta \u00e9poca festiva desfrute de cocktails e bebidas quentes no nosso Medronho Bar &amp; Lounge, de del\u00edcias culin\u00e1rias no nosso Restaurante Azeitona e de tratamentos e terapias transformadoras no nosso Esteva Spa. Retire-se para um mundo de pura felicidade e serenidade neste Natal.\" \/>\n<meta name=\"robots\" content=\"index, follow, max-snippet:-1, max-image-preview:large, max-video-preview:-1\" \/>\n<link rel=\"canonical\" href=\"http:\/\/www.jardinsdolago.com\/pt-pt\/natal\/\" \/>\n<meta property=\"og:locale\" content=\"pt_PT\" \/>\n<meta property=\"og:type\" content=\"article\" \/>\n<meta property=\"og:title\" content=\"Natal - Quinta Jardins do Lago -\" \/>\n<meta property=\"og:description\" content=\"Nesta \u00e9poca festiva desfrute de cocktails e bebidas quentes no nosso Medronho Bar &amp; Lounge, de del\u00edcias culin\u00e1rias no nosso Restaurante Azeitona e de tratamentos e terapias transformadoras no nosso Esteva Spa. Retire-se para um mundo de pura felicidade e serenidade neste Natal.\" \/>\n<meta property=\"og:url\" content=\"http:\/\/www.jardinsdolago.com\/pt-pt\/natal\/\" \/>\n<meta property=\"og:site_name\" content=\"Quinta Jardins do Lago\" \/>\n<meta property=\"article:publisher\" content=\"https:\/\/www.facebook.com\/quintajardinsdolago\" \/>\n<meta property=\"article:modified_time\" content=\"2023-11-23T16:20:31+00:00\" \/>\n<meta property=\"og:image\" content=\"https:\/\/www.jardinsdolago.com\/wp-content\/uploads\/sites\/564\/2023\/11\/LG_07662x.jpg\" \/>\n\t<meta property=\"og:image:width\" content=\"1800\" \/>\n\t<meta property=\"og:image:height\" content=\"1200\" \/>\n\t<meta property=\"og:image:type\" content=\"image\/jpeg\" \/>\n<meta name=\"twitter:card\" content=\"summary_large_image\" \/>\n<script type=\"application\/ld+json\" class=\"yoast-schema-graph\">{\"@context\":\"https:\/\/schema.org\",\"@graph\":[{\"@type\":\"WebPage\",\"@id\":\"http:\/\/www.jardinsdolago.com\/pt-pt\/natal\/\",\"url\":\"http:\/\/www.jardinsdolago.com\/pt-pt\/natal\/\",\"name\":\"Natal - Quinta Jardins do Lago -\",\"isPartOf\":{\"@id\":\"https:\/\/www.jardinsdolago.com\/pt-pt\/#website\"},\"primaryImageOfPage\":{\"@id\":\"http:\/\/www.jardinsdolago.com\/pt-pt\/natal\/#primaryimage\"},\"image\":{\"@id\":\"http:\/\/www.jardinsdolago.com\/pt-pt\/natal\/#primaryimage\"},\"thumbnailUrl\":\"https:\/\/www.jardinsdolago.com\/wp-content\/uploads\/sites\/564\/2023\/11\/LG_07662x.jpg\",\"datePublished\":\"2023-11-23T15:59:47+00:00\",\"dateModified\":\"2023-11-23T16:20:31+00:00\",\"description\":\"Nesta \u00e9poca festiva desfrute de cocktails e bebidas quentes no nosso Medronho Bar &amp; Lounge, de del\u00edcias culin\u00e1rias no nosso Restaurante Azeitona e de tratamentos e terapias transformadoras no nosso Esteva Spa. Retire-se para um mundo de pura felicidade e serenidade neste Natal.\",\"breadcrumb\":{\"@id\":\"http:\/\/www.jardinsdolago.com\/pt-pt\/natal\/#breadcrumb\"},\"inLanguage\":\"pt-PT\",\"potentialAction\":[{\"@type\":\"ReadAction\",\"target\":[\"http:\/\/www.jardinsdolago.com\/pt-pt\/natal\/\"]}]},{\"@type\":\"ImageObject\",\"inLanguage\":\"pt-PT\",\"@id\":\"http:\/\/www.jardinsdolago.com\/pt-pt\/natal\/#primaryimage\",\"url\":\"https:\/\/www.jardinsdolago.com\/wp-content\/uploads\/sites\/564\/2023\/11\/LG_07662x.jpg\",\"contentUrl\":\"https:\/\/www.jardinsdolago.com\/wp-content\/uploads\/sites\/564\/2023\/11\/LG_07662x.jpg\",\"width\":1800,\"height\":1200},{\"@type\":\"BreadcrumbList\",\"@id\":\"http:\/\/www.jardinsdolago.com\/pt-pt\/natal\/#breadcrumb\",\"itemListElement\":[{\"@type\":\"ListItem\",\"position\":1,\"name\":\"Home\",\"item\":\"https:\/\/www.jardinsdolago.com\/pt-pt\/\"},{\"@type\":\"ListItem\",\"position\":2,\"name\":\"Natal\"}]},{\"@type\":\"WebSite\",\"@id\":\"https:\/\/www.jardinsdolago.com\/pt-pt\/#website\",\"url\":\"https:\/\/www.jardinsdolago.com\/pt-pt\/\",\"name\":\"Quinta Jardins do Lago\",\"description\":\"\",\"publisher\":{\"@id\":\"https:\/\/www.jardinsdolago.com\/pt-pt\/#organization\"},\"alternateName\":\"Quinta Jardins do Lago\",\"potentialAction\":[{\"@type\":\"SearchAction\",\"target\":{\"@type\":\"EntryPoint\",\"urlTemplate\":\"https:\/\/www.jardinsdolago.com\/pt-pt\/?s={search_term_string}\"},\"query-input\":{\"@type\":\"PropertyValueSpecification\",\"valueRequired\":true,\"valueName\":\"search_term_string\"}}],\"inLanguage\":\"pt-PT\"},{\"@type\":\"Organization\",\"@id\":\"https:\/\/www.jardinsdolago.com\/pt-pt\/#organization\",\"name\":\"Quinta Jardins do Lago\",\"url\":\"https:\/\/www.jardinsdolago.com\/pt-pt\/\",\"logo\":{\"@type\":\"ImageObject\",\"inLanguage\":\"pt-PT\",\"@id\":\"https:\/\/www.jardinsdolago.com\/pt-pt\/#\/schema\/logo\/image\/\",\"url\":\"https:\/\/www.jardinsdolago.com\/wp-content\/uploads\/sites\/564\/2024\/07\/QJL_400X400.svg\",\"contentUrl\":\"https:\/\/www.jardinsdolago.com\/wp-content\/uploads\/sites\/564\/2024\/07\/QJL_400X400.svg\",\"width\":400,\"height\":400,\"caption\":\"Quinta Jardins do Lago\"},\"image\":{\"@id\":\"https:\/\/www.jardinsdolago.com\/pt-pt\/#\/schema\/logo\/image\/\"},\"sameAs\":[\"https:\/\/www.facebook.com\/quintajardinsdolago\",\"https:\/\/www.instagram.com\/quintajardinsdolago\/\"]}]}<\/script>\n<!-- \/ Yoast SEO plugin. -->","yoast_head_json":{"title":"Natal - Quinta Jardins do Lago -","description":"Nesta \u00e9poca festiva desfrute de cocktails e bebidas quentes no nosso Medronho Bar &amp; Lounge, de del\u00edcias culin\u00e1rias no nosso Restaurante Azeitona e de tratamentos e terapias transformadoras no nosso Esteva Spa. Retire-se para um mundo de pura felicidade e serenidade neste Natal.","robots":{"index":"index","follow":"follow","max-snippet":"max-snippet:-1","max-image-preview":"max-image-preview:large","max-video-preview":"max-video-preview:-1"},"canonical":"http:\/\/www.jardinsdolago.com\/pt-pt\/natal\/","og_locale":"pt_PT","og_type":"article","og_title":"Natal - Quinta Jardins do Lago -","og_description":"Nesta \u00e9poca festiva desfrute de cocktails e bebidas quentes no nosso Medronho Bar &amp; Lounge, de del\u00edcias culin\u00e1rias no nosso Restaurante Azeitona e de tratamentos e terapias transformadoras no nosso Esteva Spa. Retire-se para um mundo de pura felicidade e serenidade neste Natal.","og_url":"http:\/\/www.jardinsdolago.com\/pt-pt\/natal\/","og_site_name":"Quinta Jardins do Lago","article_publisher":"https:\/\/www.facebook.com\/quintajardinsdolago","article_modified_time":"2023-11-23T16:20:31+00:00","og_image":[{"width":1800,"height":1200,"url":"https:\/\/www.jardinsdolago.com\/wp-content\/uploads\/sites\/564\/2023\/11\/LG_07662x.jpg","type":"image\/jpeg"}],"twitter_card":"summary_large_image","schema":{"@context":"https:\/\/schema.org","@graph":[{"@type":"WebPage","@id":"http:\/\/www.jardinsdolago.com\/pt-pt\/natal\/","url":"http:\/\/www.jardinsdolago.com\/pt-pt\/natal\/","name":"Natal - Quinta Jardins do Lago -","isPartOf":{"@id":"https:\/\/www.jardinsdolago.com\/pt-pt\/#website"},"primaryImageOfPage":{"@id":"http:\/\/www.jardinsdolago.com\/pt-pt\/natal\/#primaryimage"},"image":{"@id":"http:\/\/www.jardinsdolago.com\/pt-pt\/natal\/#primaryimage"},"thumbnailUrl":"https:\/\/www.jardinsdolago.com\/wp-content\/uploads\/sites\/564\/2023\/11\/LG_07662x.jpg","datePublished":"2023-11-23T15:59:47+00:00","dateModified":"2023-11-23T16:20:31+00:00","description":"Nesta \u00e9poca festiva desfrute de cocktails e bebidas quentes no nosso Medronho Bar &amp; Lounge, de del\u00edcias culin\u00e1rias no nosso Restaurante Azeitona e de tratamentos e terapias transformadoras no nosso Esteva Spa. Retire-se para um mundo de pura felicidade e serenidade neste Natal.","breadcrumb":{"@id":"http:\/\/www.jardinsdolago.com\/pt-pt\/natal\/#breadcrumb"},"inLanguage":"pt-PT","potentialAction":[{"@type":"ReadAction","target":["http:\/\/www.jardinsdolago.com\/pt-pt\/natal\/"]}]},{"@type":"ImageObject","inLanguage":"pt-PT","@id":"http:\/\/www.jardinsdolago.com\/pt-pt\/natal\/#primaryimage","url":"https:\/\/www.jardinsdolago.com\/wp-content\/uploads\/sites\/564\/2023\/11\/LG_07662x.jpg","contentUrl":"https:\/\/www.jardinsdolago.com\/wp-content\/uploads\/sites\/564\/2023\/11\/LG_07662x.jpg","width":1800,"height":1200},{"@type":"BreadcrumbList","@id":"http:\/\/www.jardinsdolago.com\/pt-pt\/natal\/#breadcrumb","itemListElement":[{"@type":"ListItem","position":1,"name":"Home","item":"https:\/\/www.jardinsdolago.com\/pt-pt\/"},{"@type":"ListItem","position":2,"name":"Natal"}]},{"@type":"WebSite","@id":"https:\/\/www.jardinsdolago.com\/pt-pt\/#website","url":"https:\/\/www.jardinsdolago.com\/pt-pt\/","name":"Quinta Jardins do Lago","description":"","publisher":{"@id":"https:\/\/www.jardinsdolago.com\/pt-pt\/#organization"},"alternateName":"Quinta Jardins do Lago","potentialAction":[{"@type":"SearchAction","target":{"@type":"EntryPoint","urlTemplate":"https:\/\/www.jardinsdolago.com\/pt-pt\/?s={search_term_string}"},"query-input":{"@type":"PropertyValueSpecification","valueRequired":true,"valueName":"search_term_string"}}],"inLanguage":"pt-PT"},{"@type":"Organization","@id":"https:\/\/www.jardinsdolago.com\/pt-pt\/#organization","name":"Quinta Jardins do Lago","url":"https:\/\/www.jardinsdolago.com\/pt-pt\/","logo":{"@type":"ImageObject","inLanguage":"pt-PT","@id":"https:\/\/www.jardinsdolago.com\/pt-pt\/#\/schema\/logo\/image\/","url":"https:\/\/www.jardinsdolago.com\/wp-content\/uploads\/sites\/564\/2024\/07\/QJL_400X400.svg","contentUrl":"https:\/\/www.jardinsdolago.com\/wp-content\/uploads\/sites\/564\/2024\/07\/QJL_400X400.svg","width":400,"height":400,"caption":"Quinta Jardins do Lago"},"image":{"@id":"https:\/\/www.jardinsdolago.com\/pt-pt\/#\/schema\/logo\/image\/"},"sameAs":["https:\/\/www.facebook.com\/quintajardinsdolago","https:\/\/www.instagram.com\/quintajardinsdolago\/"]}]}},"acf":[],"_links":{"self":[{"href":"http:\/\/www.jardinsdolago.com\/pt-pt\/wp-json\/wp\/v2\/pages\/1339","targetHints":{"allow":["GET"]}}],"collection":[{"href":"http:\/\/www.jardinsdolago.com\/pt-pt\/wp-json\/wp\/v2\/pages"}],"about":[{"href":"http:\/\/www.jardinsdolago.com\/pt-pt\/wp-json\/wp\/v2\/types\/page"}],"author":[{"embeddable":true,"href":"http:\/\/www.jardinsdolago.com\/pt-pt\/wp-json\/wp\/v2\/users\/442"}],"replies":[{"embeddable":true,"href":"http:\/\/www.jardinsdolago.com\/pt-pt\/wp-json\/wp\/v2\/comments?post=1339"}],"version-history":[{"count":0,"href":"http:\/\/www.jardinsdolago.com\/pt-pt\/wp-json\/wp\/v2\/pages\/1339\/revisions"}],"wp:featuredmedia":[{"embeddable":true,"href":"http:\/\/www.jardinsdolago.com\/pt-pt\/wp-json\/wp\/v2\/media\/1341"}],"wp:attachment":[{"href":"http:\/\/www.jardinsdolago.com\/pt-pt\/wp-json\/wp\/v2\/media?parent=1339"}],"wp:term":[{"taxonomy":"category","embeddable":true,"href":"http:\/\/www.jardinsdolago.com\/pt-pt\/wp-json\/wp\/v2\/categories?post=1339"}],"curies":[{"name":"wp","href":"https:\/\/api.w.org\/{rel}","templated":true}]}}