{"id":1189,"date":"2021-09-06T13:41:38","date_gmt":"2021-09-06T13:41:38","guid":{"rendered":"https:\/\/praia-do-canal-new.ms.decms.eu\/contacts\/"},"modified":"2025-09-02T16:57:41","modified_gmt":"2025-09-02T16:57:41","slug":"fale-connosco","status":"publish","type":"page","link":"https:\/\/www.jardinsdolago.com\/pt-pt\/fale-connosco\/","title":{"rendered":"Fale Connosco"},"content":{"rendered":"<p style=\"text-align: center\">Encontramo-nos inteiramente dispon\u00edveis para responder a qualquer quest\u00e3o.<\/p>\n<p style=\"text-align: center\">Estamos aqui tamb\u00e9m para ajud\u00e1-lo antes da sua chegada \u00e0 Quinta Jardins do Lago.<\/p>\n<p style=\"text-align: center\">Envie-nos as suas solicita\u00e7\u00f5es,\u00a0 por mais pequenas que sejam.<\/p>\n","protected":false},"excerpt":{"rendered":"<p>Encontramo-nos inteiramente dispon\u00edveis para responder a qualquer quest\u00e3o. Estamos aqui tamb\u00e9m para ajud\u00e1-lo antes da sua chegada \u00e0 Quinta Jardins do Lago. Envie-nos as suas solicita\u00e7\u00f5es,\u00a0 por mais pequenas que sejam.<\/p>\n","protected":false},"author":6,"featured_media":0,"parent":0,"menu_order":47,"comment_status":"closed","ping_status":"closed","template":"template-location.php","meta":{"footnotes":""},"categories":[],"class_list":["post-1189","page","type-page","status-publish","hentry"],"yoast_head":"<!-- This site is optimized with the Yoast SEO plugin v26.9 - https:\/\/yoast.com\/product\/yoast-seo-wordpress\/ -->\n<title>Fale Connosco - Quinta Jardins do Lago -<\/title>\n<meta name=\"description\" content=\"Encontramo-nos inteiramente dispon\u00edveis para responder a qualquer quest\u00e3o. Estamos aqui tamb\u00e9m para ajud\u00e1-lo antes da sua chegada \u00e0 Quinta Jardins do Lago. Envie-nos as suas solicita\u00e7\u00f5es,\u00a0 por mais pequenas que sejam..\" \/>\n<meta name=\"robots\" content=\"index, follow, max-snippet:-1, max-image-preview:large, max-video-preview:-1\" \/>\n<link rel=\"canonical\" href=\"https:\/\/www.jardinsdolago.com\/pt-pt\/fale-connosco\/\" \/>\n<meta property=\"og:locale\" content=\"pt_PT\" \/>\n<meta property=\"og:type\" content=\"article\" \/>\n<meta property=\"og:title\" content=\"Fale Connosco - Quinta Jardins do Lago -\" \/>\n<meta property=\"og:description\" content=\"Encontramo-nos inteiramente dispon\u00edveis para responder a qualquer quest\u00e3o. Estamos aqui tamb\u00e9m para ajud\u00e1-lo antes da sua chegada \u00e0 Quinta Jardins do Lago. Envie-nos as suas solicita\u00e7\u00f5es,\u00a0 por mais pequenas que sejam..\" \/>\n<meta property=\"og:url\" content=\"https:\/\/www.jardinsdolago.com\/pt-pt\/fale-connosco\/\" \/>\n<meta property=\"og:site_name\" content=\"Quinta Jardins do Lago\" \/>\n<meta property=\"article:publisher\" content=\"https:\/\/www.facebook.com\/quintajardinsdolago\" \/>\n<meta property=\"article:modified_time\" content=\"2025-09-02T16:57:41+00:00\" \/>\n<meta property=\"og:image\" content=\"https:\/\/www.jardinsdolago.com\/wp-content\/uploads\/sites\/564\/2024\/10\/DJI_0461_16x9.jpg\" \/>\n\t<meta property=\"og:image:width\" content=\"1920\" \/>\n\t<meta property=\"og:image:height\" content=\"1080\" \/>\n\t<meta property=\"og:image:type\" content=\"image\/jpeg\" \/>\n<meta name=\"twitter:card\" content=\"summary_large_image\" \/>\n<meta name=\"twitter:label1\" content=\"Est. reading time\" \/>\n\t<meta name=\"twitter:data1\" content=\"1 minuto\" \/>\n<script type=\"application\/ld+json\" class=\"yoast-schema-graph\">{\"@context\":\"https:\/\/schema.org\",\"@graph\":[{\"@type\":\"WebPage\",\"@id\":\"https:\/\/www.jardinsdolago.com\/pt-pt\/fale-connosco\/\",\"url\":\"https:\/\/www.jardinsdolago.com\/pt-pt\/fale-connosco\/\",\"name\":\"Fale Connosco - Quinta Jardins do Lago -\",\"isPartOf\":{\"@id\":\"https:\/\/www.jardinsdolago.com\/pt-pt\/#website\"},\"datePublished\":\"2021-09-06T13:41:38+00:00\",\"dateModified\":\"2025-09-02T16:57:41+00:00\",\"description\":\"Encontramo-nos inteiramente dispon\u00edveis para responder a qualquer quest\u00e3o. Estamos aqui tamb\u00e9m para ajud\u00e1-lo antes da sua chegada \u00e0 Quinta Jardins do Lago. Envie-nos as suas solicita\u00e7\u00f5es,\u00a0 por mais pequenas que sejam. .\",\"breadcrumb\":{\"@id\":\"https:\/\/www.jardinsdolago.com\/pt-pt\/fale-connosco\/#breadcrumb\"},\"inLanguage\":\"pt-PT\",\"potentialAction\":[{\"@type\":\"ReadAction\",\"target\":[\"https:\/\/www.jardinsdolago.com\/pt-pt\/fale-connosco\/\"]}]},{\"@type\":\"BreadcrumbList\",\"@id\":\"https:\/\/www.jardinsdolago.com\/pt-pt\/fale-connosco\/#breadcrumb\",\"itemListElement\":[{\"@type\":\"ListItem\",\"position\":1,\"name\":\"Home\",\"item\":\"https:\/\/www.jardinsdolago.com\/pt-pt\/\"},{\"@type\":\"ListItem\",\"position\":2,\"name\":\"Fale Connosco\"}]},{\"@type\":\"WebSite\",\"@id\":\"https:\/\/www.jardinsdolago.com\/pt-pt\/#website\",\"url\":\"https:\/\/www.jardinsdolago.com\/pt-pt\/\",\"name\":\"Quinta Jardins do Lago\",\"description\":\"\",\"publisher\":{\"@id\":\"https:\/\/www.jardinsdolago.com\/pt-pt\/#organization\"},\"alternateName\":\"Quinta Jardins do Lago\",\"potentialAction\":[{\"@type\":\"SearchAction\",\"target\":{\"@type\":\"EntryPoint\",\"urlTemplate\":\"https:\/\/www.jardinsdolago.com\/pt-pt\/?s={search_term_string}\"},\"query-input\":{\"@type\":\"PropertyValueSpecification\",\"valueRequired\":true,\"valueName\":\"search_term_string\"}}],\"inLanguage\":\"pt-PT\"},{\"@type\":\"Organization\",\"@id\":\"https:\/\/www.jardinsdolago.com\/pt-pt\/#organization\",\"name\":\"Quinta Jardins do Lago\",\"url\":\"https:\/\/www.jardinsdolago.com\/pt-pt\/\",\"logo\":{\"@type\":\"ImageObject\",\"inLanguage\":\"pt-PT\",\"@id\":\"https:\/\/www.jardinsdolago.com\/pt-pt\/#\/schema\/logo\/image\/\",\"url\":\"https:\/\/www.jardinsdolago.com\/wp-content\/uploads\/sites\/564\/2024\/07\/QJL_400X400.svg\",\"contentUrl\":\"https:\/\/www.jardinsdolago.com\/wp-content\/uploads\/sites\/564\/2024\/07\/QJL_400X400.svg\",\"width\":400,\"height\":400,\"caption\":\"Quinta Jardins do Lago\"},\"image\":{\"@id\":\"https:\/\/www.jardinsdolago.com\/pt-pt\/#\/schema\/logo\/image\/\"},\"sameAs\":[\"https:\/\/www.facebook.com\/quintajardinsdolago\",\"https:\/\/www.instagram.com\/quintajardinsdolago\/\"]}]}<\/script>\n<!-- \/ Yoast SEO plugin. -->","yoast_head_json":{"title":"Fale Connosco - Quinta Jardins do Lago -","description":"Encontramo-nos inteiramente dispon\u00edveis para responder a qualquer quest\u00e3o. Estamos aqui tamb\u00e9m para ajud\u00e1-lo antes da sua chegada \u00e0 Quinta Jardins do Lago. Envie-nos as suas solicita\u00e7\u00f5es,\u00a0 por mais pequenas que sejam..","robots":{"index":"index","follow":"follow","max-snippet":"max-snippet:-1","max-image-preview":"max-image-preview:large","max-video-preview":"max-video-preview:-1"},"canonical":"https:\/\/www.jardinsdolago.com\/pt-pt\/fale-connosco\/","og_locale":"pt_PT","og_type":"article","og_title":"Fale Connosco - Quinta Jardins do Lago -","og_description":"Encontramo-nos inteiramente dispon\u00edveis para responder a qualquer quest\u00e3o. Estamos aqui tamb\u00e9m para ajud\u00e1-lo antes da sua chegada \u00e0 Quinta Jardins do Lago. Envie-nos as suas solicita\u00e7\u00f5es,\u00a0 por mais pequenas que sejam..","og_url":"https:\/\/www.jardinsdolago.com\/pt-pt\/fale-connosco\/","og_site_name":"Quinta Jardins do Lago","article_publisher":"https:\/\/www.facebook.com\/quintajardinsdolago","article_modified_time":"2025-09-02T16:57:41+00:00","og_image":[{"width":1920,"height":1080,"url":"https:\/\/www.jardinsdolago.com\/wp-content\/uploads\/sites\/564\/2024\/10\/DJI_0461_16x9.jpg","type":"image\/jpeg"}],"twitter_card":"summary_large_image","twitter_misc":{"Est. reading time":"1 minuto"},"schema":{"@context":"https:\/\/schema.org","@graph":[{"@type":"WebPage","@id":"https:\/\/www.jardinsdolago.com\/pt-pt\/fale-connosco\/","url":"https:\/\/www.jardinsdolago.com\/pt-pt\/fale-connosco\/","name":"Fale Connosco - Quinta Jardins do Lago -","isPartOf":{"@id":"https:\/\/www.jardinsdolago.com\/pt-pt\/#website"},"datePublished":"2021-09-06T13:41:38+00:00","dateModified":"2025-09-02T16:57:41+00:00","description":"Encontramo-nos inteiramente dispon\u00edveis para responder a qualquer quest\u00e3o. Estamos aqui tamb\u00e9m para ajud\u00e1-lo antes da sua chegada \u00e0 Quinta Jardins do Lago. Envie-nos as suas solicita\u00e7\u00f5es,\u00a0 por mais pequenas que sejam. .","breadcrumb":{"@id":"https:\/\/www.jardinsdolago.com\/pt-pt\/fale-connosco\/#breadcrumb"},"inLanguage":"pt-PT","potentialAction":[{"@type":"ReadAction","target":["https:\/\/www.jardinsdolago.com\/pt-pt\/fale-connosco\/"]}]},{"@type":"BreadcrumbList","@id":"https:\/\/www.jardinsdolago.com\/pt-pt\/fale-connosco\/#breadcrumb","itemListElement":[{"@type":"ListItem","position":1,"name":"Home","item":"https:\/\/www.jardinsdolago.com\/pt-pt\/"},{"@type":"ListItem","position":2,"name":"Fale Connosco"}]},{"@type":"WebSite","@id":"https:\/\/www.jardinsdolago.com\/pt-pt\/#website","url":"https:\/\/www.jardinsdolago.com\/pt-pt\/","name":"Quinta Jardins do Lago","description":"","publisher":{"@id":"https:\/\/www.jardinsdolago.com\/pt-pt\/#organization"},"alternateName":"Quinta Jardins do Lago","potentialAction":[{"@type":"SearchAction","target":{"@type":"EntryPoint","urlTemplate":"https:\/\/www.jardinsdolago.com\/pt-pt\/?s={search_term_string}"},"query-input":{"@type":"PropertyValueSpecification","valueRequired":true,"valueName":"search_term_string"}}],"inLanguage":"pt-PT"},{"@type":"Organization","@id":"https:\/\/www.jardinsdolago.com\/pt-pt\/#organization","name":"Quinta Jardins do Lago","url":"https:\/\/www.jardinsdolago.com\/pt-pt\/","logo":{"@type":"ImageObject","inLanguage":"pt-PT","@id":"https:\/\/www.jardinsdolago.com\/pt-pt\/#\/schema\/logo\/image\/","url":"https:\/\/www.jardinsdolago.com\/wp-content\/uploads\/sites\/564\/2024\/07\/QJL_400X400.svg","contentUrl":"https:\/\/www.jardinsdolago.com\/wp-content\/uploads\/sites\/564\/2024\/07\/QJL_400X400.svg","width":400,"height":400,"caption":"Quinta Jardins do Lago"},"image":{"@id":"https:\/\/www.jardinsdolago.com\/pt-pt\/#\/schema\/logo\/image\/"},"sameAs":["https:\/\/www.facebook.com\/quintajardinsdolago","https:\/\/www.instagram.com\/quintajardinsdolago\/"]}]}},"acf":[],"_links":{"self":[{"href":"https:\/\/www.jardinsdolago.com\/pt-pt\/wp-json\/wp\/v2\/pages\/1189","targetHints":{"allow":["GET"]}}],"collection":[{"href":"https:\/\/www.jardinsdolago.com\/pt-pt\/wp-json\/wp\/v2\/pages"}],"about":[{"href":"https:\/\/www.jardinsdolago.com\/pt-pt\/wp-json\/wp\/v2\/types\/page"}],"author":[{"embeddable":true,"href":"https:\/\/www.jardinsdolago.com\/pt-pt\/wp-json\/wp\/v2\/users\/6"}],"replies":[{"embeddable":true,"href":"https:\/\/www.jardinsdolago.com\/pt-pt\/wp-json\/wp\/v2\/comments?post=1189"}],"version-history":[{"count":0,"href":"https:\/\/www.jardinsdolago.com\/pt-pt\/wp-json\/wp\/v2\/pages\/1189\/revisions"}],"wp:attachment":[{"href":"https:\/\/www.jardinsdolago.com\/pt-pt\/wp-json\/wp\/v2\/media?parent=1189"}],"wp:term":[{"taxonomy":"category","embeddable":true,"href":"https:\/\/www.jardinsdolago.com\/pt-pt\/wp-json\/wp\/v2\/categories?post=1189"}],"curies":[{"name":"wp","href":"https:\/\/api.w.org\/{rel}","templated":true}]}}