{"id":1272,"date":"2023-10-27T16:15:37","date_gmt":"2023-10-27T16:15:37","guid":{"rendered":"https:\/\/praia-do-canal-staging.ms.decms.eu\/?page_id=1272"},"modified":"2023-11-23T16:30:09","modified_gmt":"2023-11-23T16:30:09","slug":"retiro-de-slow-living","status":"publish","type":"page","link":"https:\/\/www.jardinsdolago.com\/pt-pt\/retiro-de-slow-living\/","title":{"rendered":"28-31 Dez | Retiro de Slow Living"},"content":{"rendered":"<p>Retiro Slow Living de 4 Dias no Praia do Canal Nature Retreat com a B\u00e1rbara Taborda. Programa Detox ap\u00f3s as festividades de Natal e introspe\u00e7\u00e3o do ano 2023 e objetivos para 2024 na extraordin\u00e1ria paisagem selvagem da Costa Vicentina.<\/p>\n<p><strong>28<\/strong>\u00a0de Dez a\u00a0<strong>31<\/strong>\u00a0de Dez | 4 dias\/3 noites<\/p>\n<p><strong>Regime Full Board<\/strong> Brunch, almo\u00e7o e jantares inclu\u00eddos \u2013 com suplemento de soft drinks inclu\u00eddo<\/p>\n<p><strong>Pre\u00e7o por Pessoa<\/strong>\u00a0\u20ac 1.140,00 em quarto duplo (quando reserva em quarto partilhado \u2013 sharing)<\/p>\n<p><strong>Suplemento Single<\/strong>\u00a0\u20ac 330,00<\/p>\n<p><em>Nota: a execu\u00e7\u00e3o do evento requer a contrata\u00e7\u00e3o m\u00ednima de 8 participantes.<\/em><\/p>\n<p><strong>R\u00e9veillon<\/strong><\/p>\n<p>Suplemento noite de R\u00e9veillon com acesso \u00e0 festa: \u20ac400,00 por pessoa quando reserva feita em quarto duplo ou \u20ac510,00 para Suplemento Single.<\/p>\n","protected":false},"excerpt":{"rendered":"<p>Retiro Slow Living de 4 Dias no Praia do Canal Nature Retreat com a B\u00e1rbara Taborda. Programa Detox ap\u00f3s as festividades de Natal e introspe\u00e7\u00e3o do ano 2023 e objetivos para 2024 na extraordin\u00e1ria paisagem selvagem da Costa Vicentina. 28\u00a0de Dez a\u00a031\u00a0de Dez | 4 dias\/3 noites Regime Full Board Brunch, almo\u00e7o e jantares inclu\u00eddos [&hellip;]<\/p>\n","protected":false},"author":442,"featured_media":1258,"parent":0,"menu_order":81,"comment_status":"closed","ping_status":"closed","template":"template-experiences.php","meta":{"footnotes":""},"categories":[],"class_list":["post-1272","page","type-page","status-publish","has-post-thumbnail","hentry"],"yoast_head":"<!-- This site is optimized with the Yoast SEO plugin v26.9 - https:\/\/yoast.com\/product\/yoast-seo-wordpress\/ -->\n<title>28-31 Dez | Retiro de Slow Living - Quinta Jardins do Lago -<\/title>\n<meta name=\"description\" content=\"Retiro Slow Living de 4 Dias no Praia do Canal Nature Retreat com a B\u00e1rbara Taborda. Programa Detox ap\u00f3s as festividades de Natal e introspe\u00e7\u00e3o do ano 2023 e objetivos para 2024 na extraordin\u00e1ria paisagem selvagem da Costa Vicentina.  28\u00a0de Dez a\u00a031\u00a0de Dez | 4 dias\/3 noites  Regime Full Board Brunch, almo\u00e7o e jantares inclu\u00eddos \u2013 com suplemento de soft drinks inclu\u00eddo  Pre\u00e7o por Pessoa\u00a0\u20ac 1.140,00 em quarto duplo (quando reserva em quarto partilhado \u2013 sharing)  Suplemento Single\u00a0\u20ac 330,00  Nota: a execu\u00e7\u00e3o do evento requer a contrata\u00e7\u00e3o m\u00ednima de 8 participantes.  R\u00e9veillon  Suplemento noite de R\u00e9veillon com acesso \u00e0 festa: \u20ac400,00 por pessoa quando reserva feita em quarto duplo ou \u20ac510,00 para Suplemento Single.\" \/>\n<meta name=\"robots\" content=\"index, follow, max-snippet:-1, max-image-preview:large, max-video-preview:-1\" \/>\n<link rel=\"canonical\" href=\"https:\/\/www.jardinsdolago.com\/pt-pt\/retiro-de-slow-living\/\" \/>\n<meta property=\"og:locale\" content=\"pt_PT\" \/>\n<meta property=\"og:type\" content=\"article\" \/>\n<meta property=\"og:title\" content=\"28-31 Dez | Retiro de Slow Living - Quinta Jardins do Lago -\" \/>\n<meta property=\"og:description\" content=\"Retiro Slow Living de 4 Dias no Praia do Canal Nature Retreat com a B\u00e1rbara Taborda. Programa Detox ap\u00f3s as festividades de Natal e introspe\u00e7\u00e3o do ano 2023 e objetivos para 2024 na extraordin\u00e1ria paisagem selvagem da Costa Vicentina.  28\u00a0de Dez a\u00a031\u00a0de Dez | 4 dias\/3 noites  Regime Full Board Brunch, almo\u00e7o e jantares inclu\u00eddos \u2013 com suplemento de soft drinks inclu\u00eddo  Pre\u00e7o por Pessoa\u00a0\u20ac 1.140,00 em quarto duplo (quando reserva em quarto partilhado \u2013 sharing)  Suplemento Single\u00a0\u20ac 330,00  Nota: a execu\u00e7\u00e3o do evento requer a contrata\u00e7\u00e3o m\u00ednima de 8 participantes.  R\u00e9veillon  Suplemento noite de R\u00e9veillon com acesso \u00e0 festa: \u20ac400,00 por pessoa quando reserva feita em quarto duplo ou \u20ac510,00 para Suplemento Single.\" \/>\n<meta property=\"og:url\" content=\"https:\/\/www.jardinsdolago.com\/pt-pt\/retiro-de-slow-living\/\" \/>\n<meta property=\"og:site_name\" content=\"Quinta Jardins do Lago\" \/>\n<meta property=\"article:publisher\" content=\"https:\/\/www.facebook.com\/quintajardinsdolago\" \/>\n<meta property=\"article:modified_time\" content=\"2023-11-23T16:30:09+00:00\" \/>\n<meta property=\"og:image\" content=\"https:\/\/www.jardinsdolago.com\/wp-content\/uploads\/sites\/564\/2023\/10\/8FA14A8C-3AE5-4CA9-A3AF-45C406BE6CC0-2652-000000EE03B155D6-alt.jpg\" \/>\n\t<meta property=\"og:image:width\" content=\"800\" \/>\n\t<meta property=\"og:image:height\" content=\"1200\" \/>\n\t<meta property=\"og:image:type\" content=\"image\/jpeg\" \/>\n<meta name=\"twitter:card\" content=\"summary_large_image\" \/>\n<meta name=\"twitter:label1\" content=\"Est. reading time\" \/>\n\t<meta name=\"twitter:data1\" content=\"1 minuto\" \/>\n<script type=\"application\/ld+json\" class=\"yoast-schema-graph\">{\"@context\":\"https:\/\/schema.org\",\"@graph\":[{\"@type\":\"WebPage\",\"@id\":\"https:\/\/www.jardinsdolago.com\/pt-pt\/retiro-de-slow-living\/\",\"url\":\"https:\/\/www.jardinsdolago.com\/pt-pt\/retiro-de-slow-living\/\",\"name\":\"28-31 Dez | Retiro de Slow Living - Quinta Jardins do Lago -\",\"isPartOf\":{\"@id\":\"https:\/\/www.jardinsdolago.com\/pt-pt\/#website\"},\"primaryImageOfPage\":{\"@id\":\"https:\/\/www.jardinsdolago.com\/pt-pt\/retiro-de-slow-living\/#primaryimage\"},\"image\":{\"@id\":\"https:\/\/www.jardinsdolago.com\/pt-pt\/retiro-de-slow-living\/#primaryimage\"},\"thumbnailUrl\":\"https:\/\/www.jardinsdolago.com\/wp-content\/uploads\/sites\/564\/2023\/10\/8FA14A8C-3AE5-4CA9-A3AF-45C406BE6CC0-2652-000000EE03B155D6-alt.jpg\",\"datePublished\":\"2023-10-27T16:15:37+00:00\",\"dateModified\":\"2023-11-23T16:30:09+00:00\",\"description\":\"Retiro Slow Living de 4 Dias no Praia do Canal Nature Retreat com a B\u00e1rbara Taborda. Programa Detox ap\u00f3s as festividades de Natal e introspe\u00e7\u00e3o do ano 2023 e objetivos para 2024 na extraordin\u00e1ria paisagem selvagem da Costa Vicentina. 28\u00a0de Dez a\u00a031\u00a0de Dez | 4 dias\/3 noites Regime Full Board Brunch, almo\u00e7o e jantares inclu\u00eddos \u2013 com suplemento de soft drinks inclu\u00eddo Pre\u00e7o por Pessoa\u00a0\u20ac 1.140,00 em quarto duplo (quando reserva em quarto partilhado \u2013 sharing) Suplemento Single\u00a0\u20ac 330,00 Nota: a execu\u00e7\u00e3o do evento requer a contrata\u00e7\u00e3o m\u00ednima de 8 participantes. R\u00e9veillon Suplemento noite de R\u00e9veillon com acesso \u00e0 festa: \u20ac400,00 por pessoa quando reserva feita em quarto duplo ou \u20ac510,00 para Suplemento Single.\",\"breadcrumb\":{\"@id\":\"https:\/\/www.jardinsdolago.com\/pt-pt\/retiro-de-slow-living\/#breadcrumb\"},\"inLanguage\":\"pt-PT\",\"potentialAction\":[{\"@type\":\"ReadAction\",\"target\":[\"https:\/\/www.jardinsdolago.com\/pt-pt\/retiro-de-slow-living\/\"]}]},{\"@type\":\"ImageObject\",\"inLanguage\":\"pt-PT\",\"@id\":\"https:\/\/www.jardinsdolago.com\/pt-pt\/retiro-de-slow-living\/#primaryimage\",\"url\":\"https:\/\/www.jardinsdolago.com\/wp-content\/uploads\/sites\/564\/2023\/10\/8FA14A8C-3AE5-4CA9-A3AF-45C406BE6CC0-2652-000000EE03B155D6-alt.jpg\",\"contentUrl\":\"https:\/\/www.jardinsdolago.com\/wp-content\/uploads\/sites\/564\/2023\/10\/8FA14A8C-3AE5-4CA9-A3AF-45C406BE6CC0-2652-000000EE03B155D6-alt.jpg\",\"width\":800,\"height\":1200},{\"@type\":\"BreadcrumbList\",\"@id\":\"https:\/\/www.jardinsdolago.com\/pt-pt\/retiro-de-slow-living\/#breadcrumb\",\"itemListElement\":[{\"@type\":\"ListItem\",\"position\":1,\"name\":\"Home\",\"item\":\"https:\/\/www.jardinsdolago.com\/pt-pt\/\"},{\"@type\":\"ListItem\",\"position\":2,\"name\":\"28-31 Dez | Retiro de Slow Living\"}]},{\"@type\":\"WebSite\",\"@id\":\"https:\/\/www.jardinsdolago.com\/pt-pt\/#website\",\"url\":\"https:\/\/www.jardinsdolago.com\/pt-pt\/\",\"name\":\"Quinta Jardins do Lago\",\"description\":\"\",\"publisher\":{\"@id\":\"https:\/\/www.jardinsdolago.com\/pt-pt\/#organization\"},\"alternateName\":\"Quinta Jardins do Lago\",\"potentialAction\":[{\"@type\":\"SearchAction\",\"target\":{\"@type\":\"EntryPoint\",\"urlTemplate\":\"https:\/\/www.jardinsdolago.com\/pt-pt\/?s={search_term_string}\"},\"query-input\":{\"@type\":\"PropertyValueSpecification\",\"valueRequired\":true,\"valueName\":\"search_term_string\"}}],\"inLanguage\":\"pt-PT\"},{\"@type\":\"Organization\",\"@id\":\"https:\/\/www.jardinsdolago.com\/pt-pt\/#organization\",\"name\":\"Quinta Jardins do Lago\",\"url\":\"https:\/\/www.jardinsdolago.com\/pt-pt\/\",\"logo\":{\"@type\":\"ImageObject\",\"inLanguage\":\"pt-PT\",\"@id\":\"https:\/\/www.jardinsdolago.com\/pt-pt\/#\/schema\/logo\/image\/\",\"url\":\"https:\/\/www.jardinsdolago.com\/wp-content\/uploads\/sites\/564\/2024\/07\/QJL_400X400.svg\",\"contentUrl\":\"https:\/\/www.jardinsdolago.com\/wp-content\/uploads\/sites\/564\/2024\/07\/QJL_400X400.svg\",\"width\":400,\"height\":400,\"caption\":\"Quinta Jardins do Lago\"},\"image\":{\"@id\":\"https:\/\/www.jardinsdolago.com\/pt-pt\/#\/schema\/logo\/image\/\"},\"sameAs\":[\"https:\/\/www.facebook.com\/quintajardinsdolago\",\"https:\/\/www.instagram.com\/quintajardinsdolago\/\"]}]}<\/script>\n<!-- \/ Yoast SEO plugin. -->","yoast_head_json":{"title":"28-31 Dez | Retiro de Slow Living - Quinta Jardins do Lago -","description":"Retiro Slow Living de 4 Dias no Praia do Canal Nature Retreat com a B\u00e1rbara Taborda. Programa Detox ap\u00f3s as festividades de Natal e introspe\u00e7\u00e3o do ano 2023 e objetivos para 2024 na extraordin\u00e1ria paisagem selvagem da Costa Vicentina.  28\u00a0de Dez a\u00a031\u00a0de Dez | 4 dias\/3 noites  Regime Full Board Brunch, almo\u00e7o e jantares inclu\u00eddos \u2013 com suplemento de soft drinks inclu\u00eddo  Pre\u00e7o por Pessoa\u00a0\u20ac 1.140,00 em quarto duplo (quando reserva em quarto partilhado \u2013 sharing)  Suplemento Single\u00a0\u20ac 330,00  Nota: a execu\u00e7\u00e3o do evento requer a contrata\u00e7\u00e3o m\u00ednima de 8 participantes.  R\u00e9veillon  Suplemento noite de R\u00e9veillon com acesso \u00e0 festa: \u20ac400,00 por pessoa quando reserva feita em quarto duplo ou \u20ac510,00 para Suplemento Single.","robots":{"index":"index","follow":"follow","max-snippet":"max-snippet:-1","max-image-preview":"max-image-preview:large","max-video-preview":"max-video-preview:-1"},"canonical":"https:\/\/www.jardinsdolago.com\/pt-pt\/retiro-de-slow-living\/","og_locale":"pt_PT","og_type":"article","og_title":"28-31 Dez | Retiro de Slow Living - Quinta Jardins do Lago -","og_description":"Retiro Slow Living de 4 Dias no Praia do Canal Nature Retreat com a B\u00e1rbara Taborda. Programa Detox ap\u00f3s as festividades de Natal e introspe\u00e7\u00e3o do ano 2023 e objetivos para 2024 na extraordin\u00e1ria paisagem selvagem da Costa Vicentina.  28\u00a0de Dez a\u00a031\u00a0de Dez | 4 dias\/3 noites  Regime Full Board Brunch, almo\u00e7o e jantares inclu\u00eddos \u2013 com suplemento de soft drinks inclu\u00eddo  Pre\u00e7o por Pessoa\u00a0\u20ac 1.140,00 em quarto duplo (quando reserva em quarto partilhado \u2013 sharing)  Suplemento Single\u00a0\u20ac 330,00  Nota: a execu\u00e7\u00e3o do evento requer a contrata\u00e7\u00e3o m\u00ednima de 8 participantes.  R\u00e9veillon  Suplemento noite de R\u00e9veillon com acesso \u00e0 festa: \u20ac400,00 por pessoa quando reserva feita em quarto duplo ou \u20ac510,00 para Suplemento Single.","og_url":"https:\/\/www.jardinsdolago.com\/pt-pt\/retiro-de-slow-living\/","og_site_name":"Quinta Jardins do Lago","article_publisher":"https:\/\/www.facebook.com\/quintajardinsdolago","article_modified_time":"2023-11-23T16:30:09+00:00","og_image":[{"width":800,"height":1200,"url":"https:\/\/www.jardinsdolago.com\/wp-content\/uploads\/sites\/564\/2023\/10\/8FA14A8C-3AE5-4CA9-A3AF-45C406BE6CC0-2652-000000EE03B155D6-alt.jpg","type":"image\/jpeg"}],"twitter_card":"summary_large_image","twitter_misc":{"Est. reading time":"1 minuto"},"schema":{"@context":"https:\/\/schema.org","@graph":[{"@type":"WebPage","@id":"https:\/\/www.jardinsdolago.com\/pt-pt\/retiro-de-slow-living\/","url":"https:\/\/www.jardinsdolago.com\/pt-pt\/retiro-de-slow-living\/","name":"28-31 Dez | Retiro de Slow Living - Quinta Jardins do Lago -","isPartOf":{"@id":"https:\/\/www.jardinsdolago.com\/pt-pt\/#website"},"primaryImageOfPage":{"@id":"https:\/\/www.jardinsdolago.com\/pt-pt\/retiro-de-slow-living\/#primaryimage"},"image":{"@id":"https:\/\/www.jardinsdolago.com\/pt-pt\/retiro-de-slow-living\/#primaryimage"},"thumbnailUrl":"https:\/\/www.jardinsdolago.com\/wp-content\/uploads\/sites\/564\/2023\/10\/8FA14A8C-3AE5-4CA9-A3AF-45C406BE6CC0-2652-000000EE03B155D6-alt.jpg","datePublished":"2023-10-27T16:15:37+00:00","dateModified":"2023-11-23T16:30:09+00:00","description":"Retiro Slow Living de 4 Dias no Praia do Canal Nature Retreat com a B\u00e1rbara Taborda. Programa Detox ap\u00f3s as festividades de Natal e introspe\u00e7\u00e3o do ano 2023 e objetivos para 2024 na extraordin\u00e1ria paisagem selvagem da Costa Vicentina. 28\u00a0de Dez a\u00a031\u00a0de Dez | 4 dias\/3 noites Regime Full Board Brunch, almo\u00e7o e jantares inclu\u00eddos \u2013 com suplemento de soft drinks inclu\u00eddo Pre\u00e7o por Pessoa\u00a0\u20ac 1.140,00 em quarto duplo (quando reserva em quarto partilhado \u2013 sharing) Suplemento Single\u00a0\u20ac 330,00 Nota: a execu\u00e7\u00e3o do evento requer a contrata\u00e7\u00e3o m\u00ednima de 8 participantes. R\u00e9veillon Suplemento noite de R\u00e9veillon com acesso \u00e0 festa: \u20ac400,00 por pessoa quando reserva feita em quarto duplo ou \u20ac510,00 para Suplemento Single.","breadcrumb":{"@id":"https:\/\/www.jardinsdolago.com\/pt-pt\/retiro-de-slow-living\/#breadcrumb"},"inLanguage":"pt-PT","potentialAction":[{"@type":"ReadAction","target":["https:\/\/www.jardinsdolago.com\/pt-pt\/retiro-de-slow-living\/"]}]},{"@type":"ImageObject","inLanguage":"pt-PT","@id":"https:\/\/www.jardinsdolago.com\/pt-pt\/retiro-de-slow-living\/#primaryimage","url":"https:\/\/www.jardinsdolago.com\/wp-content\/uploads\/sites\/564\/2023\/10\/8FA14A8C-3AE5-4CA9-A3AF-45C406BE6CC0-2652-000000EE03B155D6-alt.jpg","contentUrl":"https:\/\/www.jardinsdolago.com\/wp-content\/uploads\/sites\/564\/2023\/10\/8FA14A8C-3AE5-4CA9-A3AF-45C406BE6CC0-2652-000000EE03B155D6-alt.jpg","width":800,"height":1200},{"@type":"BreadcrumbList","@id":"https:\/\/www.jardinsdolago.com\/pt-pt\/retiro-de-slow-living\/#breadcrumb","itemListElement":[{"@type":"ListItem","position":1,"name":"Home","item":"https:\/\/www.jardinsdolago.com\/pt-pt\/"},{"@type":"ListItem","position":2,"name":"28-31 Dez | Retiro de Slow Living"}]},{"@type":"WebSite","@id":"https:\/\/www.jardinsdolago.com\/pt-pt\/#website","url":"https:\/\/www.jardinsdolago.com\/pt-pt\/","name":"Quinta Jardins do Lago","description":"","publisher":{"@id":"https:\/\/www.jardinsdolago.com\/pt-pt\/#organization"},"alternateName":"Quinta Jardins do Lago","potentialAction":[{"@type":"SearchAction","target":{"@type":"EntryPoint","urlTemplate":"https:\/\/www.jardinsdolago.com\/pt-pt\/?s={search_term_string}"},"query-input":{"@type":"PropertyValueSpecification","valueRequired":true,"valueName":"search_term_string"}}],"inLanguage":"pt-PT"},{"@type":"Organization","@id":"https:\/\/www.jardinsdolago.com\/pt-pt\/#organization","name":"Quinta Jardins do Lago","url":"https:\/\/www.jardinsdolago.com\/pt-pt\/","logo":{"@type":"ImageObject","inLanguage":"pt-PT","@id":"https:\/\/www.jardinsdolago.com\/pt-pt\/#\/schema\/logo\/image\/","url":"https:\/\/www.jardinsdolago.com\/wp-content\/uploads\/sites\/564\/2024\/07\/QJL_400X400.svg","contentUrl":"https:\/\/www.jardinsdolago.com\/wp-content\/uploads\/sites\/564\/2024\/07\/QJL_400X400.svg","width":400,"height":400,"caption":"Quinta Jardins do Lago"},"image":{"@id":"https:\/\/www.jardinsdolago.com\/pt-pt\/#\/schema\/logo\/image\/"},"sameAs":["https:\/\/www.facebook.com\/quintajardinsdolago","https:\/\/www.instagram.com\/quintajardinsdolago\/"]}]}},"acf":[],"_links":{"self":[{"href":"https:\/\/www.jardinsdolago.com\/pt-pt\/wp-json\/wp\/v2\/pages\/1272","targetHints":{"allow":["GET"]}}],"collection":[{"href":"https:\/\/www.jardinsdolago.com\/pt-pt\/wp-json\/wp\/v2\/pages"}],"about":[{"href":"https:\/\/www.jardinsdolago.com\/pt-pt\/wp-json\/wp\/v2\/types\/page"}],"author":[{"embeddable":true,"href":"https:\/\/www.jardinsdolago.com\/pt-pt\/wp-json\/wp\/v2\/users\/442"}],"replies":[{"embeddable":true,"href":"https:\/\/www.jardinsdolago.com\/pt-pt\/wp-json\/wp\/v2\/comments?post=1272"}],"version-history":[{"count":0,"href":"https:\/\/www.jardinsdolago.com\/pt-pt\/wp-json\/wp\/v2\/pages\/1272\/revisions"}],"wp:featuredmedia":[{"embeddable":true,"href":"https:\/\/www.jardinsdolago.com\/pt-pt\/wp-json\/wp\/v2\/media\/1258"}],"wp:attachment":[{"href":"https:\/\/www.jardinsdolago.com\/pt-pt\/wp-json\/wp\/v2\/media?parent=1272"}],"wp:term":[{"taxonomy":"category","embeddable":true,"href":"https:\/\/www.jardinsdolago.com\/pt-pt\/wp-json\/wp\/v2\/categories?post=1272"}],"curies":[{"name":"wp","href":"https:\/\/api.w.org\/{rel}","templated":true}]}}