{"id":1295,"date":"2023-11-02T11:34:03","date_gmt":"2023-11-02T11:34:03","guid":{"rendered":"https:\/\/praia-do-canal-staging.ms.decms.eu\/?page_id=1295"},"modified":"2024-03-12T17:20:39","modified_gmt":"2024-03-12T17:20:39","slug":"reveillon","status":"publish","type":"page","link":"https:\/\/www.jardinsdolago.com\/pt-pt\/reveillon\/","title":{"rendered":"R\u00e9veillon"},"content":{"rendered":"<p>V\u00e1lido para 2 noites entre 30 de dezembro e 1 de janeiro de 2024<\/p>\n<p>Inclu\u00eddo:<\/p>\n<ul>\n<li>Pequeno-almo\u00e7o buffet<\/li>\n<li>Bebida de boas-vindas \u00e0 chegada<\/li>\n<li>Cocktail de rece\u00e7\u00e3o com bebidas e canap\u00e9s no dia 31 de dezembro;<\/li>\n<li>Jantar de Gala na noite de Ano Novo com suplemento de vinhos;<\/li>\n<li>Pequeno-almo\u00e7o no dia 1 de janeiro das 08h00 &#8211; 15h00;<\/li>\n<li>Festa com DJ e bar aberto inclu\u00eddo na noite de Ano Novo das 00h00 &#8211; 03h00;<\/li>\n<li>20% desconto em tratamentos de Spa;<\/li>\n<li>20% desconto nas chegadas antecipadas (Dezembro 26 a 29).<\/li>\n<\/ul>\n","protected":false},"excerpt":{"rendered":"<p>V\u00e1lido para 2 noites entre 30 de dezembro e 1 de janeiro de 2024 Inclu\u00eddo: Pequeno-almo\u00e7o buffet Bebida de boas-vindas \u00e0 chegada Cocktail de rece\u00e7\u00e3o com bebidas e canap\u00e9s no dia 31 de dezembro; Jantar de Gala na noite de Ano Novo com suplemento de vinhos; Pequeno-almo\u00e7o no dia 1 de janeiro das 08h00 &#8211; [&hellip;]<\/p>\n","protected":false},"author":442,"featured_media":0,"parent":0,"menu_order":75,"comment_status":"closed","ping_status":"closed","template":"template-experiences.php","meta":{"footnotes":""},"categories":[],"class_list":["post-1295","page","type-page","status-publish","hentry"],"yoast_head":"<!-- This site is optimized with the Yoast SEO plugin v26.9 - https:\/\/yoast.com\/product\/yoast-seo-wordpress\/ -->\n<title>R\u00e9veillon - Quinta Jardins do Lago -<\/title>\n<meta name=\"description\" content=\"V\u00e1lido para 2 noites entre 30 de dezembro e 1 de janeiro de 2024  Inclu\u00eddo:   Pequeno-almo\u00e7o buffet  Bebida de boas-vindas \u00e0 chegada  Cocktail de rece\u00e7\u00e3o com bebidas e canap\u00e9s no dia 31 de dezembro;  Jantar de Gala na noite de Ano Novo com suplemento de vinhos;  Pequeno-almo\u00e7o no dia 1 de janeiro das 08h00 - 15h00;  Festa com DJ e bar aberto inclu\u00eddo na noite de Ano Novo das 00h00 - 03h00;  20% desconto em tratamentos de Spa;  20% desconto nas chegadas antecipadas (Dezembro 26 a 29). .\" \/>\n<meta name=\"robots\" content=\"index, follow, max-snippet:-1, max-image-preview:large, max-video-preview:-1\" \/>\n<link rel=\"canonical\" href=\"https:\/\/www.jardinsdolago.com\/pt-pt\/reveillon\/\" \/>\n<meta property=\"og:locale\" content=\"pt_PT\" \/>\n<meta property=\"og:type\" content=\"article\" \/>\n<meta property=\"og:title\" content=\"R\u00e9veillon - Quinta Jardins do Lago -\" \/>\n<meta property=\"og:description\" content=\"V\u00e1lido para 2 noites entre 30 de dezembro e 1 de janeiro de 2024  Inclu\u00eddo:   Pequeno-almo\u00e7o buffet  Bebida de boas-vindas \u00e0 chegada  Cocktail de rece\u00e7\u00e3o com bebidas e canap\u00e9s no dia 31 de dezembro;  Jantar de Gala na noite de Ano Novo com suplemento de vinhos;  Pequeno-almo\u00e7o no dia 1 de janeiro das 08h00 - 15h00;  Festa com DJ e bar aberto inclu\u00eddo na noite de Ano Novo das 00h00 - 03h00;  20% desconto em tratamentos de Spa;  20% desconto nas chegadas antecipadas (Dezembro 26 a 29). .\" \/>\n<meta property=\"og:url\" content=\"https:\/\/www.jardinsdolago.com\/pt-pt\/reveillon\/\" \/>\n<meta property=\"og:site_name\" content=\"Quinta Jardins do Lago\" \/>\n<meta property=\"article:publisher\" content=\"https:\/\/www.facebook.com\/quintajardinsdolago\" \/>\n<meta property=\"article:modified_time\" content=\"2024-03-12T17:20:39+00:00\" \/>\n<meta property=\"og:image\" content=\"https:\/\/www.jardinsdolago.com\/wp-content\/uploads\/sites\/564\/2024\/10\/DJI_0461_16x9.jpg\" \/>\n\t<meta property=\"og:image:width\" content=\"1920\" \/>\n\t<meta property=\"og:image:height\" content=\"1080\" \/>\n\t<meta property=\"og:image:type\" content=\"image\/jpeg\" \/>\n<meta name=\"twitter:card\" content=\"summary_large_image\" \/>\n<script type=\"application\/ld+json\" class=\"yoast-schema-graph\">{\"@context\":\"https:\/\/schema.org\",\"@graph\":[{\"@type\":\"WebPage\",\"@id\":\"https:\/\/www.jardinsdolago.com\/pt-pt\/reveillon\/\",\"url\":\"https:\/\/www.jardinsdolago.com\/pt-pt\/reveillon\/\",\"name\":\"R\u00e9veillon - Quinta Jardins do Lago -\",\"isPartOf\":{\"@id\":\"https:\/\/www.jardinsdolago.com\/pt-pt\/#website\"},\"datePublished\":\"2023-11-02T11:34:03+00:00\",\"dateModified\":\"2024-03-12T17:20:39+00:00\",\"description\":\"V\u00e1lido para 2 noites entre 30 de dezembro e 1 de janeiro de 2024 Inclu\u00eddo: \u2022 Pequeno-almo\u00e7o buffet \u2022 Bebida de boas-vindas \u00e0 chegada \u2022 Cocktail de rece\u00e7\u00e3o com bebidas e canap\u00e9s no dia 31 de dezembro; \u2022 Jantar de Gala na noite de Ano Novo com suplemento de vinhos; \u2022 Pequeno-almo\u00e7o no dia 1 de janeiro das 08h00 - 15h00; \u2022 Festa com DJ e bar aberto inclu\u00eddo na noite de Ano Novo das 00h00 - 03h00; \u2022 20% desconto em tratamentos de Spa; \u2022 20% desconto nas chegadas antecipadas (Dezembro 26 a 29). .\",\"breadcrumb\":{\"@id\":\"https:\/\/www.jardinsdolago.com\/pt-pt\/reveillon\/#breadcrumb\"},\"inLanguage\":\"pt-PT\",\"potentialAction\":[{\"@type\":\"ReadAction\",\"target\":[\"https:\/\/www.jardinsdolago.com\/pt-pt\/reveillon\/\"]}]},{\"@type\":\"BreadcrumbList\",\"@id\":\"https:\/\/www.jardinsdolago.com\/pt-pt\/reveillon\/#breadcrumb\",\"itemListElement\":[{\"@type\":\"ListItem\",\"position\":1,\"name\":\"Home\",\"item\":\"https:\/\/www.jardinsdolago.com\/pt-pt\/\"},{\"@type\":\"ListItem\",\"position\":2,\"name\":\"R\u00e9veillon\"}]},{\"@type\":\"WebSite\",\"@id\":\"https:\/\/www.jardinsdolago.com\/pt-pt\/#website\",\"url\":\"https:\/\/www.jardinsdolago.com\/pt-pt\/\",\"name\":\"Quinta Jardins do Lago\",\"description\":\"\",\"publisher\":{\"@id\":\"https:\/\/www.jardinsdolago.com\/pt-pt\/#organization\"},\"alternateName\":\"Quinta Jardins do Lago\",\"potentialAction\":[{\"@type\":\"SearchAction\",\"target\":{\"@type\":\"EntryPoint\",\"urlTemplate\":\"https:\/\/www.jardinsdolago.com\/pt-pt\/?s={search_term_string}\"},\"query-input\":{\"@type\":\"PropertyValueSpecification\",\"valueRequired\":true,\"valueName\":\"search_term_string\"}}],\"inLanguage\":\"pt-PT\"},{\"@type\":\"Organization\",\"@id\":\"https:\/\/www.jardinsdolago.com\/pt-pt\/#organization\",\"name\":\"Quinta Jardins do Lago\",\"url\":\"https:\/\/www.jardinsdolago.com\/pt-pt\/\",\"logo\":{\"@type\":\"ImageObject\",\"inLanguage\":\"pt-PT\",\"@id\":\"https:\/\/www.jardinsdolago.com\/pt-pt\/#\/schema\/logo\/image\/\",\"url\":\"https:\/\/www.jardinsdolago.com\/wp-content\/uploads\/sites\/564\/2024\/07\/QJL_400X400.svg\",\"contentUrl\":\"https:\/\/www.jardinsdolago.com\/wp-content\/uploads\/sites\/564\/2024\/07\/QJL_400X400.svg\",\"width\":400,\"height\":400,\"caption\":\"Quinta Jardins do Lago\"},\"image\":{\"@id\":\"https:\/\/www.jardinsdolago.com\/pt-pt\/#\/schema\/logo\/image\/\"},\"sameAs\":[\"https:\/\/www.facebook.com\/quintajardinsdolago\",\"https:\/\/www.instagram.com\/quintajardinsdolago\/\"]}]}<\/script>\n<!-- \/ Yoast SEO plugin. -->","yoast_head_json":{"title":"R\u00e9veillon - Quinta Jardins do Lago -","description":"V\u00e1lido para 2 noites entre 30 de dezembro e 1 de janeiro de 2024  Inclu\u00eddo:   Pequeno-almo\u00e7o buffet  Bebida de boas-vindas \u00e0 chegada  Cocktail de rece\u00e7\u00e3o com bebidas e canap\u00e9s no dia 31 de dezembro;  Jantar de Gala na noite de Ano Novo com suplemento de vinhos;  Pequeno-almo\u00e7o no dia 1 de janeiro das 08h00 - 15h00;  Festa com DJ e bar aberto inclu\u00eddo na noite de Ano Novo das 00h00 - 03h00;  20% desconto em tratamentos de Spa;  20% desconto nas chegadas antecipadas (Dezembro 26 a 29). .","robots":{"index":"index","follow":"follow","max-snippet":"max-snippet:-1","max-image-preview":"max-image-preview:large","max-video-preview":"max-video-preview:-1"},"canonical":"https:\/\/www.jardinsdolago.com\/pt-pt\/reveillon\/","og_locale":"pt_PT","og_type":"article","og_title":"R\u00e9veillon - Quinta Jardins do Lago -","og_description":"V\u00e1lido para 2 noites entre 30 de dezembro e 1 de janeiro de 2024  Inclu\u00eddo:   Pequeno-almo\u00e7o buffet  Bebida de boas-vindas \u00e0 chegada  Cocktail de rece\u00e7\u00e3o com bebidas e canap\u00e9s no dia 31 de dezembro;  Jantar de Gala na noite de Ano Novo com suplemento de vinhos;  Pequeno-almo\u00e7o no dia 1 de janeiro das 08h00 - 15h00;  Festa com DJ e bar aberto inclu\u00eddo na noite de Ano Novo das 00h00 - 03h00;  20% desconto em tratamentos de Spa;  20% desconto nas chegadas antecipadas (Dezembro 26 a 29). .","og_url":"https:\/\/www.jardinsdolago.com\/pt-pt\/reveillon\/","og_site_name":"Quinta Jardins do Lago","article_publisher":"https:\/\/www.facebook.com\/quintajardinsdolago","article_modified_time":"2024-03-12T17:20:39+00:00","og_image":[{"width":1920,"height":1080,"url":"https:\/\/www.jardinsdolago.com\/wp-content\/uploads\/sites\/564\/2024\/10\/DJI_0461_16x9.jpg","type":"image\/jpeg"}],"twitter_card":"summary_large_image","schema":{"@context":"https:\/\/schema.org","@graph":[{"@type":"WebPage","@id":"https:\/\/www.jardinsdolago.com\/pt-pt\/reveillon\/","url":"https:\/\/www.jardinsdolago.com\/pt-pt\/reveillon\/","name":"R\u00e9veillon - Quinta Jardins do Lago -","isPartOf":{"@id":"https:\/\/www.jardinsdolago.com\/pt-pt\/#website"},"datePublished":"2023-11-02T11:34:03+00:00","dateModified":"2024-03-12T17:20:39+00:00","description":"V\u00e1lido para 2 noites entre 30 de dezembro e 1 de janeiro de 2024 Inclu\u00eddo: \u2022 Pequeno-almo\u00e7o buffet \u2022 Bebida de boas-vindas \u00e0 chegada \u2022 Cocktail de rece\u00e7\u00e3o com bebidas e canap\u00e9s no dia 31 de dezembro; \u2022 Jantar de Gala na noite de Ano Novo com suplemento de vinhos; \u2022 Pequeno-almo\u00e7o no dia 1 de janeiro das 08h00 - 15h00; \u2022 Festa com DJ e bar aberto inclu\u00eddo na noite de Ano Novo das 00h00 - 03h00; \u2022 20% desconto em tratamentos de Spa; \u2022 20% desconto nas chegadas antecipadas (Dezembro 26 a 29). .","breadcrumb":{"@id":"https:\/\/www.jardinsdolago.com\/pt-pt\/reveillon\/#breadcrumb"},"inLanguage":"pt-PT","potentialAction":[{"@type":"ReadAction","target":["https:\/\/www.jardinsdolago.com\/pt-pt\/reveillon\/"]}]},{"@type":"BreadcrumbList","@id":"https:\/\/www.jardinsdolago.com\/pt-pt\/reveillon\/#breadcrumb","itemListElement":[{"@type":"ListItem","position":1,"name":"Home","item":"https:\/\/www.jardinsdolago.com\/pt-pt\/"},{"@type":"ListItem","position":2,"name":"R\u00e9veillon"}]},{"@type":"WebSite","@id":"https:\/\/www.jardinsdolago.com\/pt-pt\/#website","url":"https:\/\/www.jardinsdolago.com\/pt-pt\/","name":"Quinta Jardins do Lago","description":"","publisher":{"@id":"https:\/\/www.jardinsdolago.com\/pt-pt\/#organization"},"alternateName":"Quinta Jardins do Lago","potentialAction":[{"@type":"SearchAction","target":{"@type":"EntryPoint","urlTemplate":"https:\/\/www.jardinsdolago.com\/pt-pt\/?s={search_term_string}"},"query-input":{"@type":"PropertyValueSpecification","valueRequired":true,"valueName":"search_term_string"}}],"inLanguage":"pt-PT"},{"@type":"Organization","@id":"https:\/\/www.jardinsdolago.com\/pt-pt\/#organization","name":"Quinta Jardins do Lago","url":"https:\/\/www.jardinsdolago.com\/pt-pt\/","logo":{"@type":"ImageObject","inLanguage":"pt-PT","@id":"https:\/\/www.jardinsdolago.com\/pt-pt\/#\/schema\/logo\/image\/","url":"https:\/\/www.jardinsdolago.com\/wp-content\/uploads\/sites\/564\/2024\/07\/QJL_400X400.svg","contentUrl":"https:\/\/www.jardinsdolago.com\/wp-content\/uploads\/sites\/564\/2024\/07\/QJL_400X400.svg","width":400,"height":400,"caption":"Quinta Jardins do Lago"},"image":{"@id":"https:\/\/www.jardinsdolago.com\/pt-pt\/#\/schema\/logo\/image\/"},"sameAs":["https:\/\/www.facebook.com\/quintajardinsdolago","https:\/\/www.instagram.com\/quintajardinsdolago\/"]}]}},"acf":[],"_links":{"self":[{"href":"https:\/\/www.jardinsdolago.com\/pt-pt\/wp-json\/wp\/v2\/pages\/1295","targetHints":{"allow":["GET"]}}],"collection":[{"href":"https:\/\/www.jardinsdolago.com\/pt-pt\/wp-json\/wp\/v2\/pages"}],"about":[{"href":"https:\/\/www.jardinsdolago.com\/pt-pt\/wp-json\/wp\/v2\/types\/page"}],"author":[{"embeddable":true,"href":"https:\/\/www.jardinsdolago.com\/pt-pt\/wp-json\/wp\/v2\/users\/442"}],"replies":[{"embeddable":true,"href":"https:\/\/www.jardinsdolago.com\/pt-pt\/wp-json\/wp\/v2\/comments?post=1295"}],"version-history":[{"count":0,"href":"https:\/\/www.jardinsdolago.com\/pt-pt\/wp-json\/wp\/v2\/pages\/1295\/revisions"}],"wp:attachment":[{"href":"https:\/\/www.jardinsdolago.com\/pt-pt\/wp-json\/wp\/v2\/media?parent=1295"}],"wp:term":[{"taxonomy":"category","embeddable":true,"href":"https:\/\/www.jardinsdolago.com\/pt-pt\/wp-json\/wp\/v2\/categories?post=1295"}],"curies":[{"name":"wp","href":"https:\/\/api.w.org\/{rel}","templated":true}]}}