{"id":1566,"date":"2024-09-27T15:24:21","date_gmt":"2024-09-27T15:24:21","guid":{"rendered":"https:\/\/quinta-jardins-do-lago.ms.decms.eu\/?page_id=1566"},"modified":"2025-03-06T18:41:38","modified_gmt":"2025-03-06T18:41:38","slug":"bar-da-piscina","status":"publish","type":"page","link":"https:\/\/www.jardinsdolago.com\/pt-pt\/gastronomia\/bar-da-piscina\/","title":{"rendered":"Bar da piscina"},"content":{"rendered":"<p>Desfrute de sumos e <em>mocktails<\/em> feitos na hora ou pe\u00e7a aos nossos <em>bartenders<\/em> profissionais para preparar algo mais ex\u00f3tico do nosso servi\u00e7o de bar completo.<\/p>\n<p>Com os <em>shakers<\/em> a postos, voc\u00ea imagina a bebida, d\u00e1 a t\u00f3nica, e a nossa equipa de bar recria e entrega-a, gelada, na sua espregui\u00e7adeira.<\/p>\n<p>&nbsp;<\/p>\n<p>&nbsp;<\/p>\n","protected":false},"excerpt":{"rendered":"<p>Desfrute de sumos e mocktails feitos na hora ou pe\u00e7a aos nossos bartenders profissionais para preparar algo mais ex\u00f3tico do nosso servi\u00e7o de bar completo. Com os shakers a postos, voc\u00ea imagina a bebida, d\u00e1 a t\u00f3nica, e a nossa equipa de bar recria e entrega-a, gelada, na sua espregui\u00e7adeira. &nbsp; &nbsp;<\/p>\n","protected":false},"author":580,"featured_media":0,"parent":359,"menu_order":39,"comment_status":"closed","ping_status":"closed","template":"template-dine-single.php","meta":{"footnotes":""},"categories":[],"class_list":["post-1566","page","type-page","status-publish","hentry"],"yoast_head":"<!-- This site is optimized with the Yoast SEO plugin v26.9 - https:\/\/yoast.com\/product\/yoast-seo-wordpress\/ -->\n<title>Bar da piscina - Quinta Jardins do Lago -<\/title>\n<meta name=\"description\" content=\"Desfrute de sumos e mocktails feitos na hora ou pe\u00e7a aos nossos bartenders profissionais para preparar algo mais ex\u00f3tico do nosso servi\u00e7o de bar completo.  Com os shakers a postos, voc\u00ea imagina a bebida, d\u00e1 a t\u00f3nica, e a nossa equipa de bar recria e entrega-a, gelada, na sua espregui\u00e7adeira.  &nbsp;  &nbsp;.\" \/>\n<meta name=\"robots\" content=\"index, follow, max-snippet:-1, max-image-preview:large, max-video-preview:-1\" \/>\n<link rel=\"canonical\" href=\"https:\/\/www.jardinsdolago.com\/pt-pt\/gastronomia\/bar-da-piscina\/\" \/>\n<meta property=\"og:locale\" content=\"pt_PT\" \/>\n<meta property=\"og:type\" content=\"article\" \/>\n<meta property=\"og:title\" content=\"Bar da piscina - Quinta Jardins do Lago -\" \/>\n<meta property=\"og:description\" content=\"Desfrute de sumos e mocktails feitos na hora ou pe\u00e7a aos nossos bartenders profissionais para preparar algo mais ex\u00f3tico do nosso servi\u00e7o de bar completo.  Com os shakers a postos, voc\u00ea imagina a bebida, d\u00e1 a t\u00f3nica, e a nossa equipa de bar recria e entrega-a, gelada, na sua espregui\u00e7adeira.  &nbsp;  &nbsp;.\" \/>\n<meta property=\"og:url\" content=\"https:\/\/www.jardinsdolago.com\/pt-pt\/gastronomia\/bar-da-piscina\/\" \/>\n<meta property=\"og:site_name\" content=\"Quinta Jardins do Lago\" \/>\n<meta property=\"article:publisher\" content=\"https:\/\/www.facebook.com\/quintajardinsdolago\" \/>\n<meta property=\"article:modified_time\" content=\"2025-03-06T18:41:38+00:00\" \/>\n<meta property=\"og:image\" content=\"https:\/\/www.jardinsdolago.com\/wp-content\/uploads\/sites\/564\/2024\/10\/DJI_0461_16x9.jpg\" \/>\n\t<meta property=\"og:image:width\" content=\"1920\" \/>\n\t<meta property=\"og:image:height\" content=\"1080\" \/>\n\t<meta property=\"og:image:type\" content=\"image\/jpeg\" \/>\n<meta name=\"twitter:card\" content=\"summary_large_image\" \/>\n<script type=\"application\/ld+json\" class=\"yoast-schema-graph\">{\"@context\":\"https:\/\/schema.org\",\"@graph\":[{\"@type\":\"WebPage\",\"@id\":\"https:\/\/www.jardinsdolago.com\/pt-pt\/gastronomia\/bar-da-piscina\/\",\"url\":\"https:\/\/www.jardinsdolago.com\/pt-pt\/gastronomia\/bar-da-piscina\/\",\"name\":\"Bar da piscina - Quinta Jardins do Lago -\",\"isPartOf\":{\"@id\":\"https:\/\/www.jardinsdolago.com\/pt-pt\/#website\"},\"datePublished\":\"2024-09-27T15:24:21+00:00\",\"dateModified\":\"2025-03-06T18:41:38+00:00\",\"description\":\"Desfrute de sumos e mocktails feitos na hora ou pe\u00e7a aos nossos bartenders profissionais para preparar algo mais ex\u00f3tico do nosso servi\u00e7o de bar completo. Com os shakers a postos, voc\u00ea imagina a bebida, d\u00e1 a t\u00f3nica, e a nossa equipa de bar recria e entrega-a, gelada, na sua espregui\u00e7adeira. &nbsp; &nbsp;.\",\"breadcrumb\":{\"@id\":\"https:\/\/www.jardinsdolago.com\/pt-pt\/gastronomia\/bar-da-piscina\/#breadcrumb\"},\"inLanguage\":\"pt-PT\",\"potentialAction\":[{\"@type\":\"ReadAction\",\"target\":[\"https:\/\/www.jardinsdolago.com\/pt-pt\/gastronomia\/bar-da-piscina\/\"]}]},{\"@type\":\"BreadcrumbList\",\"@id\":\"https:\/\/www.jardinsdolago.com\/pt-pt\/gastronomia\/bar-da-piscina\/#breadcrumb\",\"itemListElement\":[{\"@type\":\"ListItem\",\"position\":1,\"name\":\"Home\",\"item\":\"https:\/\/www.jardinsdolago.com\/pt-pt\/\"},{\"@type\":\"ListItem\",\"position\":2,\"name\":\"Gastronomia\",\"item\":\"http:\/\/www.jardinsdolago.com\/pt-pt\/gastronomia\/\"},{\"@type\":\"ListItem\",\"position\":3,\"name\":\"Bar da piscina\"}]},{\"@type\":\"WebSite\",\"@id\":\"https:\/\/www.jardinsdolago.com\/pt-pt\/#website\",\"url\":\"https:\/\/www.jardinsdolago.com\/pt-pt\/\",\"name\":\"Quinta Jardins do Lago\",\"description\":\"\",\"publisher\":{\"@id\":\"https:\/\/www.jardinsdolago.com\/pt-pt\/#organization\"},\"alternateName\":\"Quinta Jardins do Lago\",\"potentialAction\":[{\"@type\":\"SearchAction\",\"target\":{\"@type\":\"EntryPoint\",\"urlTemplate\":\"https:\/\/www.jardinsdolago.com\/pt-pt\/?s={search_term_string}\"},\"query-input\":{\"@type\":\"PropertyValueSpecification\",\"valueRequired\":true,\"valueName\":\"search_term_string\"}}],\"inLanguage\":\"pt-PT\"},{\"@type\":\"Organization\",\"@id\":\"https:\/\/www.jardinsdolago.com\/pt-pt\/#organization\",\"name\":\"Quinta Jardins do Lago\",\"url\":\"https:\/\/www.jardinsdolago.com\/pt-pt\/\",\"logo\":{\"@type\":\"ImageObject\",\"inLanguage\":\"pt-PT\",\"@id\":\"https:\/\/www.jardinsdolago.com\/pt-pt\/#\/schema\/logo\/image\/\",\"url\":\"https:\/\/www.jardinsdolago.com\/wp-content\/uploads\/sites\/564\/2024\/07\/QJL_400X400.svg\",\"contentUrl\":\"https:\/\/www.jardinsdolago.com\/wp-content\/uploads\/sites\/564\/2024\/07\/QJL_400X400.svg\",\"width\":400,\"height\":400,\"caption\":\"Quinta Jardins do Lago\"},\"image\":{\"@id\":\"https:\/\/www.jardinsdolago.com\/pt-pt\/#\/schema\/logo\/image\/\"},\"sameAs\":[\"https:\/\/www.facebook.com\/quintajardinsdolago\",\"https:\/\/www.instagram.com\/quintajardinsdolago\/\"]}]}<\/script>\n<!-- \/ Yoast SEO plugin. -->","yoast_head_json":{"title":"Bar da piscina - Quinta Jardins do Lago -","description":"Desfrute de sumos e mocktails feitos na hora ou pe\u00e7a aos nossos bartenders profissionais para preparar algo mais ex\u00f3tico do nosso servi\u00e7o de bar completo.  Com os shakers a postos, voc\u00ea imagina a bebida, d\u00e1 a t\u00f3nica, e a nossa equipa de bar recria e entrega-a, gelada, na sua espregui\u00e7adeira.  &nbsp;  &nbsp;.","robots":{"index":"index","follow":"follow","max-snippet":"max-snippet:-1","max-image-preview":"max-image-preview:large","max-video-preview":"max-video-preview:-1"},"canonical":"https:\/\/www.jardinsdolago.com\/pt-pt\/gastronomia\/bar-da-piscina\/","og_locale":"pt_PT","og_type":"article","og_title":"Bar da piscina - Quinta Jardins do Lago -","og_description":"Desfrute de sumos e mocktails feitos na hora ou pe\u00e7a aos nossos bartenders profissionais para preparar algo mais ex\u00f3tico do nosso servi\u00e7o de bar completo.  Com os shakers a postos, voc\u00ea imagina a bebida, d\u00e1 a t\u00f3nica, e a nossa equipa de bar recria e entrega-a, gelada, na sua espregui\u00e7adeira.  &nbsp;  &nbsp;.","og_url":"https:\/\/www.jardinsdolago.com\/pt-pt\/gastronomia\/bar-da-piscina\/","og_site_name":"Quinta Jardins do Lago","article_publisher":"https:\/\/www.facebook.com\/quintajardinsdolago","article_modified_time":"2025-03-06T18:41:38+00:00","og_image":[{"width":1920,"height":1080,"url":"https:\/\/www.jardinsdolago.com\/wp-content\/uploads\/sites\/564\/2024\/10\/DJI_0461_16x9.jpg","type":"image\/jpeg"}],"twitter_card":"summary_large_image","schema":{"@context":"https:\/\/schema.org","@graph":[{"@type":"WebPage","@id":"https:\/\/www.jardinsdolago.com\/pt-pt\/gastronomia\/bar-da-piscina\/","url":"https:\/\/www.jardinsdolago.com\/pt-pt\/gastronomia\/bar-da-piscina\/","name":"Bar da piscina - Quinta Jardins do Lago -","isPartOf":{"@id":"https:\/\/www.jardinsdolago.com\/pt-pt\/#website"},"datePublished":"2024-09-27T15:24:21+00:00","dateModified":"2025-03-06T18:41:38+00:00","description":"Desfrute de sumos e mocktails feitos na hora ou pe\u00e7a aos nossos bartenders profissionais para preparar algo mais ex\u00f3tico do nosso servi\u00e7o de bar completo. Com os shakers a postos, voc\u00ea imagina a bebida, d\u00e1 a t\u00f3nica, e a nossa equipa de bar recria e entrega-a, gelada, na sua espregui\u00e7adeira. &nbsp; &nbsp;.","breadcrumb":{"@id":"https:\/\/www.jardinsdolago.com\/pt-pt\/gastronomia\/bar-da-piscina\/#breadcrumb"},"inLanguage":"pt-PT","potentialAction":[{"@type":"ReadAction","target":["https:\/\/www.jardinsdolago.com\/pt-pt\/gastronomia\/bar-da-piscina\/"]}]},{"@type":"BreadcrumbList","@id":"https:\/\/www.jardinsdolago.com\/pt-pt\/gastronomia\/bar-da-piscina\/#breadcrumb","itemListElement":[{"@type":"ListItem","position":1,"name":"Home","item":"https:\/\/www.jardinsdolago.com\/pt-pt\/"},{"@type":"ListItem","position":2,"name":"Gastronomia","item":"http:\/\/www.jardinsdolago.com\/pt-pt\/gastronomia\/"},{"@type":"ListItem","position":3,"name":"Bar da piscina"}]},{"@type":"WebSite","@id":"https:\/\/www.jardinsdolago.com\/pt-pt\/#website","url":"https:\/\/www.jardinsdolago.com\/pt-pt\/","name":"Quinta Jardins do Lago","description":"","publisher":{"@id":"https:\/\/www.jardinsdolago.com\/pt-pt\/#organization"},"alternateName":"Quinta Jardins do Lago","potentialAction":[{"@type":"SearchAction","target":{"@type":"EntryPoint","urlTemplate":"https:\/\/www.jardinsdolago.com\/pt-pt\/?s={search_term_string}"},"query-input":{"@type":"PropertyValueSpecification","valueRequired":true,"valueName":"search_term_string"}}],"inLanguage":"pt-PT"},{"@type":"Organization","@id":"https:\/\/www.jardinsdolago.com\/pt-pt\/#organization","name":"Quinta Jardins do Lago","url":"https:\/\/www.jardinsdolago.com\/pt-pt\/","logo":{"@type":"ImageObject","inLanguage":"pt-PT","@id":"https:\/\/www.jardinsdolago.com\/pt-pt\/#\/schema\/logo\/image\/","url":"https:\/\/www.jardinsdolago.com\/wp-content\/uploads\/sites\/564\/2024\/07\/QJL_400X400.svg","contentUrl":"https:\/\/www.jardinsdolago.com\/wp-content\/uploads\/sites\/564\/2024\/07\/QJL_400X400.svg","width":400,"height":400,"caption":"Quinta Jardins do Lago"},"image":{"@id":"https:\/\/www.jardinsdolago.com\/pt-pt\/#\/schema\/logo\/image\/"},"sameAs":["https:\/\/www.facebook.com\/quintajardinsdolago","https:\/\/www.instagram.com\/quintajardinsdolago\/"]}]}},"acf":[],"_links":{"self":[{"href":"https:\/\/www.jardinsdolago.com\/pt-pt\/wp-json\/wp\/v2\/pages\/1566","targetHints":{"allow":["GET"]}}],"collection":[{"href":"https:\/\/www.jardinsdolago.com\/pt-pt\/wp-json\/wp\/v2\/pages"}],"about":[{"href":"https:\/\/www.jardinsdolago.com\/pt-pt\/wp-json\/wp\/v2\/types\/page"}],"author":[{"embeddable":true,"href":"https:\/\/www.jardinsdolago.com\/pt-pt\/wp-json\/wp\/v2\/users\/580"}],"replies":[{"embeddable":true,"href":"https:\/\/www.jardinsdolago.com\/pt-pt\/wp-json\/wp\/v2\/comments?post=1566"}],"version-history":[{"count":0,"href":"https:\/\/www.jardinsdolago.com\/pt-pt\/wp-json\/wp\/v2\/pages\/1566\/revisions"}],"up":[{"embeddable":true,"href":"https:\/\/www.jardinsdolago.com\/pt-pt\/wp-json\/wp\/v2\/pages\/359"}],"wp:attachment":[{"href":"https:\/\/www.jardinsdolago.com\/pt-pt\/wp-json\/wp\/v2\/media?parent=1566"}],"wp:term":[{"taxonomy":"category","embeddable":true,"href":"https:\/\/www.jardinsdolago.com\/pt-pt\/wp-json\/wp\/v2\/categories?post=1566"}],"curies":[{"name":"wp","href":"https:\/\/api.w.org\/{rel}","templated":true}]}}