{"id":1863,"date":"2024-11-15T15:23:07","date_gmt":"2024-11-15T15:23:07","guid":{"rendered":"https:\/\/quinta-jardins-do-lago.ms.decms.eu\/?page_id=1863"},"modified":"2025-03-06T21:05:00","modified_gmt":"2025-03-06T21:05:00","slug":"jardim-botanico","status":"publish","type":"page","link":"https:\/\/www.jardinsdolago.com\/pt-pt\/jardim-botanico\/","title":{"rendered":"Jardim Bot\u00e2nico"},"content":{"rendered":"<p>Erguida num planalto sobre a baia do Funchal, a Quinta Jardins do Lago \u00e9 um ref\u00fagio bot\u00e2nico que capta a ess\u00eancia do legado horticultural da Ilha da Madeira. Esta propriedade hist\u00f3rica estende-se por 25 000 m2, apresentando uma not\u00e1vel variedade de plantas que reflete o papel da ilha como ponto de converg\u00eancia de explora\u00e7\u00e3o e cultivo. Os seus jardins, cultivados ao longo de s\u00e9culos, s\u00e3o um testemunho vivo da beleza e diversidade da paisagem madeirense.<\/p>\n<p><strong>Uma Hist\u00f3ria Enraizada na Natureza<\/strong><\/p>\n<p>As origens dos jardins remontam ao s\u00e9culo XVIII, quando a propriedade se tornou um ref\u00fagio para a elite madeirense. J\u00e1 no s\u00e9culo XIX, a Quinta Jardins do Lago encontrava-se na vanguarda de uma efervescente competi\u00e7\u00e3o bot\u00e2nica entre propriet\u00e1rios de vinhedos, cada um empenhado em criar os jardins privados mais impressionantes. Com o passar do tempo, a <em>Quinta<\/em> ganhou renome pela sua cole\u00e7\u00e3o de esp\u00e9cies nativas e ex\u00f3ticas, espelhando o estatuto da Madeira como um centro de aclimata\u00e7\u00e3o e explora\u00e7\u00e3o bot\u00e2nica.<\/p>\n<p>Os jardins da <em>Quinta<\/em> n\u00e3o eram apenas uma demonstra\u00e7\u00e3o de riqueza, mas tamb\u00e9m um reflexo da biodiversidade da ilha. Aqui, plantas oriundas de regi\u00f5es subtropicais da \u00c1sia, das Am\u00e9ricas e de \u00c1frica encontraram um lar, prosperando lado a lado com a flora ind\u00edgena madeirense.<\/p>\n","protected":false},"excerpt":{"rendered":"<p>Erguida num planalto sobre a baia do Funchal, a Quinta Jardins do Lago \u00e9 um ref\u00fagio bot\u00e2nico que capta a ess\u00eancia do legado horticultural da Ilha da Madeira. Esta propriedade hist\u00f3rica estende-se por 25 000 m2, apresentando uma not\u00e1vel variedade de plantas que reflete o papel da ilha como ponto de converg\u00eancia de explora\u00e7\u00e3o e [&hellip;]<\/p>\n","protected":false},"author":580,"featured_media":0,"parent":0,"menu_order":22,"comment_status":"closed","ping_status":"closed","template":"template-default-4.php","meta":{"footnotes":""},"categories":[],"class_list":["post-1863","page","type-page","status-publish","hentry"],"yoast_head":"<!-- This site is optimized with the Yoast SEO plugin v26.9 - https:\/\/yoast.com\/product\/yoast-seo-wordpress\/ -->\n<title>Jardim Bot\u00e2nico - Quinta Jardins do Lago -<\/title>\n<meta name=\"description\" content=\"Erguida num planalto sobre a baia do Funchal, a Quinta Jardins do Lago \u00e9 um ref\u00fagio bot\u00e2nico que capta a ess\u00eancia do legado horticultural da Ilha da Madeira. Esta propriedade hist\u00f3rica estende-se por 25 000 m2, apresentando uma not\u00e1vel variedade de plantas que reflete o papel da ilha como ponto de converg\u00eancia de explora\u00e7\u00e3o e cultivo\" \/>\n<meta name=\"robots\" content=\"index, follow, max-snippet:-1, max-image-preview:large, max-video-preview:-1\" \/>\n<link rel=\"canonical\" href=\"https:\/\/www.jardinsdolago.com\/pt-pt\/jardim-botanico\/\" \/>\n<meta property=\"og:locale\" content=\"pt_PT\" \/>\n<meta property=\"og:type\" content=\"article\" \/>\n<meta property=\"og:title\" content=\"Jardim Bot\u00e2nico - Quinta Jardins do Lago -\" \/>\n<meta property=\"og:description\" content=\"Erguida num planalto sobre a baia do Funchal, a Quinta Jardins do Lago \u00e9 um ref\u00fagio bot\u00e2nico que capta a ess\u00eancia do legado horticultural da Ilha da Madeira. Esta propriedade hist\u00f3rica estende-se por 25 000 m2, apresentando uma not\u00e1vel variedade de plantas que reflete o papel da ilha como ponto de converg\u00eancia de explora\u00e7\u00e3o e cultivo\" \/>\n<meta property=\"og:url\" content=\"https:\/\/www.jardinsdolago.com\/pt-pt\/jardim-botanico\/\" \/>\n<meta property=\"og:site_name\" content=\"Quinta Jardins do Lago\" \/>\n<meta property=\"article:publisher\" content=\"https:\/\/www.facebook.com\/quintajardinsdolago\" \/>\n<meta property=\"article:modified_time\" content=\"2025-03-06T21:05:00+00:00\" \/>\n<meta property=\"og:image\" content=\"https:\/\/www.jardinsdolago.com\/wp-content\/uploads\/sites\/564\/2024\/10\/DJI_0461_16x9.jpg\" \/>\n\t<meta property=\"og:image:width\" content=\"1920\" \/>\n\t<meta property=\"og:image:height\" content=\"1080\" \/>\n\t<meta property=\"og:image:type\" content=\"image\/jpeg\" \/>\n<meta name=\"twitter:card\" content=\"summary_large_image\" \/>\n<meta name=\"twitter:label1\" content=\"Est. reading time\" \/>\n\t<meta name=\"twitter:data1\" content=\"1 minuto\" \/>\n<script type=\"application\/ld+json\" class=\"yoast-schema-graph\">{\"@context\":\"https:\/\/schema.org\",\"@graph\":[{\"@type\":\"WebPage\",\"@id\":\"https:\/\/www.jardinsdolago.com\/pt-pt\/jardim-botanico\/\",\"url\":\"https:\/\/www.jardinsdolago.com\/pt-pt\/jardim-botanico\/\",\"name\":\"Jardim Bot\u00e2nico - Quinta Jardins do Lago -\",\"isPartOf\":{\"@id\":\"http:\/\/www.jardinsdolago.com\/pt-pt\/#website\"},\"datePublished\":\"2024-11-15T15:23:07+00:00\",\"dateModified\":\"2025-03-06T21:05:00+00:00\",\"description\":\"Erguida num planalto sobre a baia do Funchal, a Quinta Jardins do Lago \u00e9 um ref\u00fagio bot\u00e2nico que capta a ess\u00eancia do legado horticultural da Ilha da Madeira. Esta propriedade hist\u00f3rica estende-se por 25 000 m2, apresentando uma not\u00e1vel variedade de plantas que reflete o papel da ilha como ponto de converg\u00eancia de explora\u00e7\u00e3o e cultivo\",\"breadcrumb\":{\"@id\":\"https:\/\/www.jardinsdolago.com\/pt-pt\/jardim-botanico\/#breadcrumb\"},\"inLanguage\":\"pt-PT\",\"potentialAction\":[{\"@type\":\"ReadAction\",\"target\":[\"https:\/\/www.jardinsdolago.com\/pt-pt\/jardim-botanico\/\"]}]},{\"@type\":\"BreadcrumbList\",\"@id\":\"https:\/\/www.jardinsdolago.com\/pt-pt\/jardim-botanico\/#breadcrumb\",\"itemListElement\":[{\"@type\":\"ListItem\",\"position\":1,\"name\":\"Home\",\"item\":\"http:\/\/www.jardinsdolago.com\/pt-pt\/\"},{\"@type\":\"ListItem\",\"position\":2,\"name\":\"Jardim Bot\u00e2nico\"}]},{\"@type\":\"WebSite\",\"@id\":\"http:\/\/www.jardinsdolago.com\/pt-pt\/#website\",\"url\":\"http:\/\/www.jardinsdolago.com\/pt-pt\/\",\"name\":\"Quinta Jardins do Lago\",\"description\":\"\",\"publisher\":{\"@id\":\"http:\/\/www.jardinsdolago.com\/pt-pt\/#organization\"},\"alternateName\":\"Quinta Jardins do Lago\",\"potentialAction\":[{\"@type\":\"SearchAction\",\"target\":{\"@type\":\"EntryPoint\",\"urlTemplate\":\"http:\/\/www.jardinsdolago.com\/pt-pt\/?s={search_term_string}\"},\"query-input\":{\"@type\":\"PropertyValueSpecification\",\"valueRequired\":true,\"valueName\":\"search_term_string\"}}],\"inLanguage\":\"pt-PT\"},{\"@type\":\"Organization\",\"@id\":\"http:\/\/www.jardinsdolago.com\/pt-pt\/#organization\",\"name\":\"Quinta Jardins do Lago\",\"url\":\"http:\/\/www.jardinsdolago.com\/pt-pt\/\",\"logo\":{\"@type\":\"ImageObject\",\"inLanguage\":\"pt-PT\",\"@id\":\"http:\/\/www.jardinsdolago.com\/pt-pt\/#\/schema\/logo\/image\/\",\"url\":\"https:\/\/www.jardinsdolago.com\/wp-content\/uploads\/sites\/564\/2024\/07\/QJL_400X400.svg\",\"contentUrl\":\"https:\/\/www.jardinsdolago.com\/wp-content\/uploads\/sites\/564\/2024\/07\/QJL_400X400.svg\",\"width\":400,\"height\":400,\"caption\":\"Quinta Jardins do Lago\"},\"image\":{\"@id\":\"http:\/\/www.jardinsdolago.com\/pt-pt\/#\/schema\/logo\/image\/\"},\"sameAs\":[\"https:\/\/www.facebook.com\/quintajardinsdolago\",\"https:\/\/www.instagram.com\/quintajardinsdolago\/\"]}]}<\/script>\n<!-- \/ Yoast SEO plugin. -->","yoast_head_json":{"title":"Jardim Bot\u00e2nico - Quinta Jardins do Lago -","description":"Erguida num planalto sobre a baia do Funchal, a Quinta Jardins do Lago \u00e9 um ref\u00fagio bot\u00e2nico que capta a ess\u00eancia do legado horticultural da Ilha da Madeira. Esta propriedade hist\u00f3rica estende-se por 25 000 m2, apresentando uma not\u00e1vel variedade de plantas que reflete o papel da ilha como ponto de converg\u00eancia de explora\u00e7\u00e3o e cultivo","robots":{"index":"index","follow":"follow","max-snippet":"max-snippet:-1","max-image-preview":"max-image-preview:large","max-video-preview":"max-video-preview:-1"},"canonical":"https:\/\/www.jardinsdolago.com\/pt-pt\/jardim-botanico\/","og_locale":"pt_PT","og_type":"article","og_title":"Jardim Bot\u00e2nico - Quinta Jardins do Lago -","og_description":"Erguida num planalto sobre a baia do Funchal, a Quinta Jardins do Lago \u00e9 um ref\u00fagio bot\u00e2nico que capta a ess\u00eancia do legado horticultural da Ilha da Madeira. Esta propriedade hist\u00f3rica estende-se por 25 000 m2, apresentando uma not\u00e1vel variedade de plantas que reflete o papel da ilha como ponto de converg\u00eancia de explora\u00e7\u00e3o e cultivo","og_url":"https:\/\/www.jardinsdolago.com\/pt-pt\/jardim-botanico\/","og_site_name":"Quinta Jardins do Lago","article_publisher":"https:\/\/www.facebook.com\/quintajardinsdolago","article_modified_time":"2025-03-06T21:05:00+00:00","og_image":[{"width":1920,"height":1080,"url":"https:\/\/www.jardinsdolago.com\/wp-content\/uploads\/sites\/564\/2024\/10\/DJI_0461_16x9.jpg","type":"image\/jpeg"}],"twitter_card":"summary_large_image","twitter_misc":{"Est. reading time":"1 minuto"},"schema":{"@context":"https:\/\/schema.org","@graph":[{"@type":"WebPage","@id":"https:\/\/www.jardinsdolago.com\/pt-pt\/jardim-botanico\/","url":"https:\/\/www.jardinsdolago.com\/pt-pt\/jardim-botanico\/","name":"Jardim Bot\u00e2nico - Quinta Jardins do Lago -","isPartOf":{"@id":"http:\/\/www.jardinsdolago.com\/pt-pt\/#website"},"datePublished":"2024-11-15T15:23:07+00:00","dateModified":"2025-03-06T21:05:00+00:00","description":"Erguida num planalto sobre a baia do Funchal, a Quinta Jardins do Lago \u00e9 um ref\u00fagio bot\u00e2nico que capta a ess\u00eancia do legado horticultural da Ilha da Madeira. Esta propriedade hist\u00f3rica estende-se por 25 000 m2, apresentando uma not\u00e1vel variedade de plantas que reflete o papel da ilha como ponto de converg\u00eancia de explora\u00e7\u00e3o e cultivo","breadcrumb":{"@id":"https:\/\/www.jardinsdolago.com\/pt-pt\/jardim-botanico\/#breadcrumb"},"inLanguage":"pt-PT","potentialAction":[{"@type":"ReadAction","target":["https:\/\/www.jardinsdolago.com\/pt-pt\/jardim-botanico\/"]}]},{"@type":"BreadcrumbList","@id":"https:\/\/www.jardinsdolago.com\/pt-pt\/jardim-botanico\/#breadcrumb","itemListElement":[{"@type":"ListItem","position":1,"name":"Home","item":"http:\/\/www.jardinsdolago.com\/pt-pt\/"},{"@type":"ListItem","position":2,"name":"Jardim Bot\u00e2nico"}]},{"@type":"WebSite","@id":"http:\/\/www.jardinsdolago.com\/pt-pt\/#website","url":"http:\/\/www.jardinsdolago.com\/pt-pt\/","name":"Quinta Jardins do Lago","description":"","publisher":{"@id":"http:\/\/www.jardinsdolago.com\/pt-pt\/#organization"},"alternateName":"Quinta Jardins do Lago","potentialAction":[{"@type":"SearchAction","target":{"@type":"EntryPoint","urlTemplate":"http:\/\/www.jardinsdolago.com\/pt-pt\/?s={search_term_string}"},"query-input":{"@type":"PropertyValueSpecification","valueRequired":true,"valueName":"search_term_string"}}],"inLanguage":"pt-PT"},{"@type":"Organization","@id":"http:\/\/www.jardinsdolago.com\/pt-pt\/#organization","name":"Quinta Jardins do Lago","url":"http:\/\/www.jardinsdolago.com\/pt-pt\/","logo":{"@type":"ImageObject","inLanguage":"pt-PT","@id":"http:\/\/www.jardinsdolago.com\/pt-pt\/#\/schema\/logo\/image\/","url":"https:\/\/www.jardinsdolago.com\/wp-content\/uploads\/sites\/564\/2024\/07\/QJL_400X400.svg","contentUrl":"https:\/\/www.jardinsdolago.com\/wp-content\/uploads\/sites\/564\/2024\/07\/QJL_400X400.svg","width":400,"height":400,"caption":"Quinta Jardins do Lago"},"image":{"@id":"http:\/\/www.jardinsdolago.com\/pt-pt\/#\/schema\/logo\/image\/"},"sameAs":["https:\/\/www.facebook.com\/quintajardinsdolago","https:\/\/www.instagram.com\/quintajardinsdolago\/"]}]}},"acf":[],"_links":{"self":[{"href":"https:\/\/www.jardinsdolago.com\/pt-pt\/wp-json\/wp\/v2\/pages\/1863","targetHints":{"allow":["GET"]}}],"collection":[{"href":"https:\/\/www.jardinsdolago.com\/pt-pt\/wp-json\/wp\/v2\/pages"}],"about":[{"href":"https:\/\/www.jardinsdolago.com\/pt-pt\/wp-json\/wp\/v2\/types\/page"}],"author":[{"embeddable":true,"href":"https:\/\/www.jardinsdolago.com\/pt-pt\/wp-json\/wp\/v2\/users\/580"}],"replies":[{"embeddable":true,"href":"https:\/\/www.jardinsdolago.com\/pt-pt\/wp-json\/wp\/v2\/comments?post=1863"}],"version-history":[{"count":0,"href":"https:\/\/www.jardinsdolago.com\/pt-pt\/wp-json\/wp\/v2\/pages\/1863\/revisions"}],"wp:attachment":[{"href":"https:\/\/www.jardinsdolago.com\/pt-pt\/wp-json\/wp\/v2\/media?parent=1863"}],"wp:term":[{"taxonomy":"category","embeddable":true,"href":"https:\/\/www.jardinsdolago.com\/pt-pt\/wp-json\/wp\/v2\/categories?post=1863"}],"curies":[{"name":"wp","href":"https:\/\/api.w.org\/{rel}","templated":true}]}}