{"id":362,"date":"2021-09-06T13:30:56","date_gmt":"2021-09-06T13:30:56","guid":{"rendered":"https:\/\/praia-do-canal-new.ms.decms.eu\/dining\/azeitona\/"},"modified":"2025-06-09T17:21:13","modified_gmt":"2025-06-09T17:21:13","slug":"beresford","status":"publish","type":"page","link":"https:\/\/www.jardinsdolago.com\/pt-pt\/gastronomia\/beresford\/","title":{"rendered":"Beresford"},"content":{"rendered":"<p data-start=\"74\" data-end=\"213\">O restaurante principal do hotel oferece uma experi\u00eancia de cozinha de autor, servida com a distinta tradi\u00e7\u00e3o madeirense de outros tempos.<\/p>\n<p data-start=\"215\" data-end=\"530\">Os jantares s\u00e3o servidos em diferentes ambientes, proporcionando a escolha perfeita para cada ocasi\u00e3o. No interior, pode optar pela elegante sala de jantar ou pelo acolhedor jardim de inverno. No exterior, a esplanada empedrada de calhau rolado tradicional convida a uma experi\u00eancia <em>al fresco <\/em>nas noites amenas da \u00e9poca.<\/p>\n<p data-start=\"532\" data-end=\"666\">Os menus destacam ingredientes locais e s\u00e3o inspirados na cozinha mediterr\u00e2nica, enriquecida com influ\u00eancias globais contempor\u00e2neas.<\/p>\n<p data-start=\"668\" data-end=\"998\">O restaurante presta homenagem ao General William Carr Beresford, comandante das for\u00e7as brit\u00e2nicas e mais tarde governador de Portugal, que residiu na <em>Quinta<\/em> durante a ocupa\u00e7\u00e3o da Madeira na \u00e9poca das Guerras Napole\u00f3nicas, em 1807. Como recorda\u00e7\u00e3o da sua estadia, permanece na sala de jantar o imponente aparador que deixou para tr\u00e1s.<\/p>\n<p data-start=\"668\" data-end=\"998\">Hor\u00e1rio de funcionamento<br data-start=\"1028\" data-end=\"1031\" \/>Jantar: 19h00 \u2013 22h00<\/p>\n<p data-start=\"668\" data-end=\"998\">\n","protected":false},"excerpt":{"rendered":"<p>O restaurante principal do hotel oferece uma experi\u00eancia de cozinha de autor, servida com a distinta tradi\u00e7\u00e3o madeirense de outros tempos. Os jantares s\u00e3o servidos em diferentes ambientes, proporcionando a escolha perfeita para cada ocasi\u00e3o. No interior, pode optar pela elegante sala de jantar ou pelo acolhedor jardim de inverno. No exterior, a esplanada empedrada [&hellip;]<\/p>\n","protected":false},"author":6,"featured_media":0,"parent":359,"menu_order":31,"comment_status":"closed","ping_status":"closed","template":"template-dine-single.php","meta":{"footnotes":""},"categories":[],"class_list":["post-362","page","type-page","status-publish","hentry"],"yoast_head":"<!-- This site is optimized with the Yoast SEO plugin v26.9 - https:\/\/yoast.com\/product\/yoast-seo-wordpress\/ -->\n<title>Beresford - Quinta Jardins do Lago -<\/title>\n<meta name=\"description\" content=\"O restaurante principal do hotel oferece uma experi\u00eancia de cozinha de autor, servida com a distinta tradi\u00e7\u00e3o madeirense de outros tempos. Os jantares s\u00e3o servidos em diferentes ambientes, proporcionando a escolha perfeita para cada ocasi\u00e3o. No interior, pode optar pela elegante sala de jantar ou pelo acolhedor jardim de inverno\" \/>\n<meta name=\"robots\" content=\"index, follow, max-snippet:-1, max-image-preview:large, max-video-preview:-1\" \/>\n<link rel=\"canonical\" href=\"https:\/\/www.jardinsdolago.com\/pt-pt\/gastronomia\/beresford\/\" \/>\n<meta property=\"og:locale\" content=\"pt_PT\" \/>\n<meta property=\"og:type\" content=\"article\" \/>\n<meta property=\"og:title\" content=\"Beresford - Quinta Jardins do Lago -\" \/>\n<meta property=\"og:description\" content=\"O restaurante principal do hotel oferece uma experi\u00eancia de cozinha de autor, servida com a distinta tradi\u00e7\u00e3o madeirense de outros tempos. Os jantares s\u00e3o servidos em diferentes ambientes, proporcionando a escolha perfeita para cada ocasi\u00e3o. No interior, pode optar pela elegante sala de jantar ou pelo acolhedor jardim de inverno\" \/>\n<meta property=\"og:url\" content=\"https:\/\/www.jardinsdolago.com\/pt-pt\/gastronomia\/beresford\/\" \/>\n<meta property=\"og:site_name\" content=\"Quinta Jardins do Lago\" \/>\n<meta property=\"article:publisher\" content=\"https:\/\/www.facebook.com\/quintajardinsdolago\" \/>\n<meta property=\"article:modified_time\" content=\"2025-06-09T17:21:13+00:00\" \/>\n<meta property=\"og:image\" content=\"https:\/\/www.jardinsdolago.com\/wp-content\/uploads\/sites\/564\/2024\/10\/DJI_0461_16x9.jpg\" \/>\n\t<meta property=\"og:image:width\" content=\"1920\" \/>\n\t<meta property=\"og:image:height\" content=\"1080\" \/>\n\t<meta property=\"og:image:type\" content=\"image\/jpeg\" \/>\n<meta name=\"twitter:card\" content=\"summary_large_image\" \/>\n<meta name=\"twitter:label1\" content=\"Est. reading time\" \/>\n\t<meta name=\"twitter:data1\" content=\"1 minuto\" \/>\n<script type=\"application\/ld+json\" class=\"yoast-schema-graph\">{\"@context\":\"https:\/\/schema.org\",\"@graph\":[{\"@type\":\"WebPage\",\"@id\":\"https:\/\/www.jardinsdolago.com\/pt-pt\/gastronomia\/beresford\/\",\"url\":\"https:\/\/www.jardinsdolago.com\/pt-pt\/gastronomia\/beresford\/\",\"name\":\"Beresford - Quinta Jardins do Lago -\",\"isPartOf\":{\"@id\":\"https:\/\/www.jardinsdolago.com\/pt-pt\/#website\"},\"datePublished\":\"2021-09-06T13:30:56+00:00\",\"dateModified\":\"2025-06-09T17:21:13+00:00\",\"description\":\"O restaurante principal do hotel oferece uma experi\u00eancia de cozinha de autor, servida com a distinta tradi\u00e7\u00e3o madeirense de outros tempos. Os jantares s\u00e3o servidos em diferentes ambientes, proporcionando a escolha perfeita para cada ocasi\u00e3o. No interior, pode optar pela elegante sala de jantar ou pelo acolhedor jardim de inverno\",\"breadcrumb\":{\"@id\":\"https:\/\/www.jardinsdolago.com\/pt-pt\/gastronomia\/beresford\/#breadcrumb\"},\"inLanguage\":\"pt-PT\",\"potentialAction\":[{\"@type\":\"ReadAction\",\"target\":[\"https:\/\/www.jardinsdolago.com\/pt-pt\/gastronomia\/beresford\/\"]}]},{\"@type\":\"BreadcrumbList\",\"@id\":\"https:\/\/www.jardinsdolago.com\/pt-pt\/gastronomia\/beresford\/#breadcrumb\",\"itemListElement\":[{\"@type\":\"ListItem\",\"position\":1,\"name\":\"Home\",\"item\":\"https:\/\/www.jardinsdolago.com\/pt-pt\/\"},{\"@type\":\"ListItem\",\"position\":2,\"name\":\"Gastronomia\",\"item\":\"http:\/\/www.jardinsdolago.com\/pt-pt\/gastronomia\/\"},{\"@type\":\"ListItem\",\"position\":3,\"name\":\"Beresford\"}]},{\"@type\":\"WebSite\",\"@id\":\"https:\/\/www.jardinsdolago.com\/pt-pt\/#website\",\"url\":\"https:\/\/www.jardinsdolago.com\/pt-pt\/\",\"name\":\"Quinta Jardins do Lago\",\"description\":\"\",\"publisher\":{\"@id\":\"https:\/\/www.jardinsdolago.com\/pt-pt\/#organization\"},\"alternateName\":\"Quinta Jardins do Lago\",\"potentialAction\":[{\"@type\":\"SearchAction\",\"target\":{\"@type\":\"EntryPoint\",\"urlTemplate\":\"https:\/\/www.jardinsdolago.com\/pt-pt\/?s={search_term_string}\"},\"query-input\":{\"@type\":\"PropertyValueSpecification\",\"valueRequired\":true,\"valueName\":\"search_term_string\"}}],\"inLanguage\":\"pt-PT\"},{\"@type\":\"Organization\",\"@id\":\"https:\/\/www.jardinsdolago.com\/pt-pt\/#organization\",\"name\":\"Quinta Jardins do Lago\",\"url\":\"https:\/\/www.jardinsdolago.com\/pt-pt\/\",\"logo\":{\"@type\":\"ImageObject\",\"inLanguage\":\"pt-PT\",\"@id\":\"https:\/\/www.jardinsdolago.com\/pt-pt\/#\/schema\/logo\/image\/\",\"url\":\"https:\/\/www.jardinsdolago.com\/wp-content\/uploads\/sites\/564\/2024\/07\/QJL_400X400.svg\",\"contentUrl\":\"https:\/\/www.jardinsdolago.com\/wp-content\/uploads\/sites\/564\/2024\/07\/QJL_400X400.svg\",\"width\":400,\"height\":400,\"caption\":\"Quinta Jardins do Lago\"},\"image\":{\"@id\":\"https:\/\/www.jardinsdolago.com\/pt-pt\/#\/schema\/logo\/image\/\"},\"sameAs\":[\"https:\/\/www.facebook.com\/quintajardinsdolago\",\"https:\/\/www.instagram.com\/quintajardinsdolago\/\"]}]}<\/script>\n<!-- \/ Yoast SEO plugin. -->","yoast_head_json":{"title":"Beresford - Quinta Jardins do Lago -","description":"O restaurante principal do hotel oferece uma experi\u00eancia de cozinha de autor, servida com a distinta tradi\u00e7\u00e3o madeirense de outros tempos. Os jantares s\u00e3o servidos em diferentes ambientes, proporcionando a escolha perfeita para cada ocasi\u00e3o. No interior, pode optar pela elegante sala de jantar ou pelo acolhedor jardim de inverno","robots":{"index":"index","follow":"follow","max-snippet":"max-snippet:-1","max-image-preview":"max-image-preview:large","max-video-preview":"max-video-preview:-1"},"canonical":"https:\/\/www.jardinsdolago.com\/pt-pt\/gastronomia\/beresford\/","og_locale":"pt_PT","og_type":"article","og_title":"Beresford - Quinta Jardins do Lago -","og_description":"O restaurante principal do hotel oferece uma experi\u00eancia de cozinha de autor, servida com a distinta tradi\u00e7\u00e3o madeirense de outros tempos. Os jantares s\u00e3o servidos em diferentes ambientes, proporcionando a escolha perfeita para cada ocasi\u00e3o. No interior, pode optar pela elegante sala de jantar ou pelo acolhedor jardim de inverno","og_url":"https:\/\/www.jardinsdolago.com\/pt-pt\/gastronomia\/beresford\/","og_site_name":"Quinta Jardins do Lago","article_publisher":"https:\/\/www.facebook.com\/quintajardinsdolago","article_modified_time":"2025-06-09T17:21:13+00:00","og_image":[{"width":1920,"height":1080,"url":"https:\/\/www.jardinsdolago.com\/wp-content\/uploads\/sites\/564\/2024\/10\/DJI_0461_16x9.jpg","type":"image\/jpeg"}],"twitter_card":"summary_large_image","twitter_misc":{"Est. reading time":"1 minuto"},"schema":{"@context":"https:\/\/schema.org","@graph":[{"@type":"WebPage","@id":"https:\/\/www.jardinsdolago.com\/pt-pt\/gastronomia\/beresford\/","url":"https:\/\/www.jardinsdolago.com\/pt-pt\/gastronomia\/beresford\/","name":"Beresford - Quinta Jardins do Lago -","isPartOf":{"@id":"https:\/\/www.jardinsdolago.com\/pt-pt\/#website"},"datePublished":"2021-09-06T13:30:56+00:00","dateModified":"2025-06-09T17:21:13+00:00","description":"O restaurante principal do hotel oferece uma experi\u00eancia de cozinha de autor, servida com a distinta tradi\u00e7\u00e3o madeirense de outros tempos. Os jantares s\u00e3o servidos em diferentes ambientes, proporcionando a escolha perfeita para cada ocasi\u00e3o. No interior, pode optar pela elegante sala de jantar ou pelo acolhedor jardim de inverno","breadcrumb":{"@id":"https:\/\/www.jardinsdolago.com\/pt-pt\/gastronomia\/beresford\/#breadcrumb"},"inLanguage":"pt-PT","potentialAction":[{"@type":"ReadAction","target":["https:\/\/www.jardinsdolago.com\/pt-pt\/gastronomia\/beresford\/"]}]},{"@type":"BreadcrumbList","@id":"https:\/\/www.jardinsdolago.com\/pt-pt\/gastronomia\/beresford\/#breadcrumb","itemListElement":[{"@type":"ListItem","position":1,"name":"Home","item":"https:\/\/www.jardinsdolago.com\/pt-pt\/"},{"@type":"ListItem","position":2,"name":"Gastronomia","item":"http:\/\/www.jardinsdolago.com\/pt-pt\/gastronomia\/"},{"@type":"ListItem","position":3,"name":"Beresford"}]},{"@type":"WebSite","@id":"https:\/\/www.jardinsdolago.com\/pt-pt\/#website","url":"https:\/\/www.jardinsdolago.com\/pt-pt\/","name":"Quinta Jardins do Lago","description":"","publisher":{"@id":"https:\/\/www.jardinsdolago.com\/pt-pt\/#organization"},"alternateName":"Quinta Jardins do Lago","potentialAction":[{"@type":"SearchAction","target":{"@type":"EntryPoint","urlTemplate":"https:\/\/www.jardinsdolago.com\/pt-pt\/?s={search_term_string}"},"query-input":{"@type":"PropertyValueSpecification","valueRequired":true,"valueName":"search_term_string"}}],"inLanguage":"pt-PT"},{"@type":"Organization","@id":"https:\/\/www.jardinsdolago.com\/pt-pt\/#organization","name":"Quinta Jardins do Lago","url":"https:\/\/www.jardinsdolago.com\/pt-pt\/","logo":{"@type":"ImageObject","inLanguage":"pt-PT","@id":"https:\/\/www.jardinsdolago.com\/pt-pt\/#\/schema\/logo\/image\/","url":"https:\/\/www.jardinsdolago.com\/wp-content\/uploads\/sites\/564\/2024\/07\/QJL_400X400.svg","contentUrl":"https:\/\/www.jardinsdolago.com\/wp-content\/uploads\/sites\/564\/2024\/07\/QJL_400X400.svg","width":400,"height":400,"caption":"Quinta Jardins do Lago"},"image":{"@id":"https:\/\/www.jardinsdolago.com\/pt-pt\/#\/schema\/logo\/image\/"},"sameAs":["https:\/\/www.facebook.com\/quintajardinsdolago","https:\/\/www.instagram.com\/quintajardinsdolago\/"]}]}},"acf":[],"_links":{"self":[{"href":"https:\/\/www.jardinsdolago.com\/pt-pt\/wp-json\/wp\/v2\/pages\/362","targetHints":{"allow":["GET"]}}],"collection":[{"href":"https:\/\/www.jardinsdolago.com\/pt-pt\/wp-json\/wp\/v2\/pages"}],"about":[{"href":"https:\/\/www.jardinsdolago.com\/pt-pt\/wp-json\/wp\/v2\/types\/page"}],"author":[{"embeddable":true,"href":"https:\/\/www.jardinsdolago.com\/pt-pt\/wp-json\/wp\/v2\/users\/6"}],"replies":[{"embeddable":true,"href":"https:\/\/www.jardinsdolago.com\/pt-pt\/wp-json\/wp\/v2\/comments?post=362"}],"version-history":[{"count":0,"href":"https:\/\/www.jardinsdolago.com\/pt-pt\/wp-json\/wp\/v2\/pages\/362\/revisions"}],"up":[{"embeddable":true,"href":"https:\/\/www.jardinsdolago.com\/pt-pt\/wp-json\/wp\/v2\/pages\/359"}],"wp:attachment":[{"href":"https:\/\/www.jardinsdolago.com\/pt-pt\/wp-json\/wp\/v2\/media?parent=362"}],"wp:term":[{"taxonomy":"category","embeddable":true,"href":"https:\/\/www.jardinsdolago.com\/pt-pt\/wp-json\/wp\/v2\/categories?post=362"}],"curies":[{"name":"wp","href":"https:\/\/api.w.org\/{rel}","templated":true}]}}