{"id":450,"date":"2021-07-15T08:54:48","date_gmt":"2021-07-15T08:54:48","guid":{"rendered":"https:\/\/praia-do-canal-new.ms.decms.eu\/privacy-policy\/"},"modified":"2025-08-07T13:05:44","modified_gmt":"2025-08-07T13:05:44","slug":"privacy-policy","status":"publish","type":"page","link":"https:\/\/www.jardinsdolago.com\/pt-pt\/privacy-policy\/","title":{"rendered":"Privacy Policy"},"content":{"rendered":"<p>&nbsp;<\/p>\n<p><strong>Seguran\u00e7a dos Cart\u00f5es de Cr\u00e9dito<\/strong><\/p>\n<p>Se efetuar uma reserva online ou adquirir um voucher, a Quinta Jardins do Lago poder\u00e1 necessitar de recolher os dados do seu cart\u00e3o de cr\u00e9dito.<\/p>\n<p>A p\u00e1gina de inser\u00e7\u00e3o dos dados do cart\u00e3o de cr\u00e9dito no website da Quinta Jardins do Lago est\u00e1 protegida por uma potente tecnologia de encripta\u00e7\u00e3o Secure Sockets Layer (SSL). O SSL encripta os seus dados antes de serem transmitidos pela Internet, garantindo que permanecem totalmente confidenciais durante a transmiss\u00e3o.<\/p>\n<p>Al\u00e9m disso, a utiliza\u00e7\u00e3o do cart\u00e3o de cr\u00e9dito \u00e9 verificada em tempo real, atrav\u00e9s de uma liga\u00e7\u00e3o segura com o sistema banc\u00e1rio, no momento da cobran\u00e7a. Isto assegura que cart\u00f5es roubados n\u00e3o possam ser utilizados e que transa\u00e7\u00f5es fraudulentas sejam minimizadas.<\/p>\n<p>&nbsp;<\/p>\n<p><strong>Pol\u00edtica de Privacidade<\/strong><\/p>\n<p>A presente pol\u00edtica de privacidade aplica-se ao website da Quinta Jardins do Lago e explica o tratamento dado aos seus dados pessoais. Dados pessoais (\u201cdados\u201d) s\u00e3o quaisquer informa\u00e7\u00f5es que possam ser associadas a si. Todos os dados pessoais fornecidos ser\u00e3o tratados com os devidos n\u00edveis de seguran\u00e7a e confidencialidade, de acordo com o Regulamento Geral sobre a Prote\u00e7\u00e3o de Dados 2016\/679 e legisla\u00e7\u00e3o nacional aplic\u00e1vel.<\/p>\n<p>Todas as refer\u00eancias a \u201cvoc\u00ea\u201d ou \u201cseu(s)\/sua(s)\u201d referem-se ao utilizador dos servi\u00e7os da Quinta Jardins do Lago. As refer\u00eancias a \u201cn\u00f3s\u201d, \u201cnos\u201d ou \u201cnosso(s)\/nossa(s)\u201d referem-se \u00e0 Quinta Jardins do Lago.<\/p>\n<p>&nbsp;<\/p>\n<p><strong>Que informa\u00e7\u00f5es recolhe e processa a Quinta Jardins do Lago, e porqu\u00ea?<\/strong><\/p>\n<ul>\n<li>Reservas online e compra de vouchers:\n<ul>\n<li>Para concluir o processo de reserva ou compra online de vouchers, s\u00e3o necess\u00e1rios todos os dados marcados com um asterisco, incluindo nome, morada, n\u00famero de telefone, endere\u00e7o de email, nome do destinat\u00e1rio (no caso de compra de voucher) e os dados do cart\u00e3o de cr\u00e9dito para pagamento do alojamento ou voucher. Poderemos tamb\u00e9m recolher outros dados facultativos que decida fornecer, incluindo categorias especiais de dados, como prefer\u00eancias alimentares.<\/li>\n<li>Durante o processo de reserva, ser\u00e1 questionado se consente que os seus dados de contacto sejam utilizados futuramente para comunica\u00e7\u00f5es por parte do alojamento, como ofertas especiais ou outras informa\u00e7\u00f5es n\u00e3o diretamente relacionadas com a sua reserva.<\/li>\n<li>Estes dados s\u00e3o recolhidos e tratados com base na nossa obriga\u00e7\u00e3o contratual de concluir a reserva ou compra do voucher.<\/li>\n<\/ul>\n<\/li>\n<li>Clientes da Quinta Jardins do Lago:\n<ul>\n<li>Os dados de contacto s\u00e3o recolhidos com base na obriga\u00e7\u00e3o contratual de prestar os servi\u00e7os contratados, podendo incluir nome, email e n\u00famero de telefone.<\/li>\n<li>Poderemos monitorizar a intera\u00e7\u00e3o com os emails (como se abriu ou clicou em links) para avaliar a relev\u00e2ncia do conte\u00fado enviado. Tamb\u00e9m podemos recolher o seu endere\u00e7o IP e carimbo temporal (timestamp) para fins de funcionamento da lista de envio.<\/li>\n<\/ul>\n<\/li>\n<li>Durante o processo de reserva e compra online, poder\u00e3o ser utilizados Cookies. Veja mais informa\u00e7\u00f5es na sec\u00e7\u00e3o \u201cPol\u00edtica de Cookies\u201d abaixo.<\/li>\n<\/ul>\n<p>&nbsp;<\/p>\n<p><strong>Como utiliza a Quinta Jardins do Lago estas informa\u00e7\u00f5es?<\/strong><\/p>\n<ul>\n<li>Reservas online e compra de vouchers:\n<ul>\n<li>Para concluir e dar seguimento ao processo de reserva ou compra de voucher.<\/li>\n<li>A Quinta Jardins do Lago n\u00e3o o contactar\u00e1, exceto em liga\u00e7\u00e3o direta com a sua reserva ou compra de voucher.<\/li>\n<\/ul>\n<\/li>\n<li>Clientes da Quinta Jardins do Lago:\n<ul>\n<li>Para permitir ou completar atividades associadas \u00e0 presta\u00e7\u00e3o do servi\u00e7o contratado.<\/li>\n<\/ul>\n<\/li>\n<\/ul>\n<p>&nbsp;<\/p>\n<p><strong>E se n\u00e3o quiser fornecer os seus dados pessoais?<\/strong><\/p>\n<ul>\n<li>Reservas online e compra de vouchers:\n<ul>\n<li>Se n\u00e3o quiser fornecer os dados obrigat\u00f3rios assinalados com asterisco, n\u00e3o poder\u00e1 concluir o processo online. Nestes casos, sugerimos que contacte diretamente o alojamento.<\/li>\n<li>Se n\u00e3o quiser fornecer dados opcionais (sem asterisco), poder\u00e1 prosseguir normalmente com o processo.<\/li>\n<\/ul>\n<\/li>\n<li>Clientes da Quinta Jardins do Lago:<\/li>\n<li style=\"list-style-type: none\">\n<ul>\n<li>Se n\u00e3o quiser fornecer dados de contacto, dever\u00e1 informar a Quinta Jardins do Lago da forma como prefere ser contactado.<\/li>\n<li>Se n\u00e3o quiser que recolhamos dados atrav\u00e9s de Cookies, consulte a nossa Pol\u00edtica de Cookies abaixo.<\/li>\n<li>Servi\u00e7os de alojamento parceiros poder\u00e3o n\u00e3o partilhar esta Pol\u00edtica de Privacidade, pelo que se recomenda a leitura das suas pol\u00edticas pr\u00f3prias.<\/li>\n<\/ul>\n<\/li>\n<\/ul>\n<p>&nbsp;<\/p>\n<p><strong>Os seus dados est\u00e3o seguros?<\/strong><\/p>\n<p>Sim, a Quinta Jardins do Lago disp\u00f5e de sistemas e processos de armazenamento seguros para prote\u00e7\u00e3o dos seus dados.<\/p>\n<p>&nbsp;<\/p>\n<p><strong>Quais s\u00e3o os seus direitos?<\/strong><\/p>\n<ul>\n<li>Direito de acesso aos seus dados pessoais.<\/li>\n<li>Direito de retifica\u00e7\u00e3o dos seus dados.<\/li>\n<li>Direito ao apagamento dos dados (sujeito a poss\u00edveis impactos na presta\u00e7\u00e3o de servi\u00e7os).<\/li>\n<li>Direito \u00e0 portabilidade dos dados (fornecimento dos dados num formato adequado).<\/li>\n<li>Direito de retirar o consentimento a qualquer momento (ex.: remover subscri\u00e7\u00e3o da newsletter clicando no bot\u00e3o de cancelamento no fim do email).<\/li>\n<li>Direito de apresentar reclama\u00e7\u00e3o junto da autoridade de controlo competente.<\/li>\n<\/ul>\n<p>&nbsp;<\/p>\n<p><strong>Durante quanto tempo conservamos os seus dados?<\/strong><\/p>\n<ul>\n<li>Reservas online e compra de vouchers:\n<ul>\n<li>Os dados do cart\u00e3o de cr\u00e9dito ser\u00e3o mantidos por no m\u00e1ximo um m\u00eas ap\u00f3s a data de sa\u00edda.<\/li>\n<li>Os restantes dados (nome, morada, email e telefone) ser\u00e3o mantidos at\u00e9 12 meses ap\u00f3s a data de sa\u00edda.<\/li>\n<li>O n\u00famero de refer\u00eancia da reserva, isoladamente, ser\u00e1 conservado indefinidamente para fins estat\u00edsticos.<\/li>\n<li>Os dados recolhidos aquando da compra de vouchers ser\u00e3o mantidos at\u00e9 12 meses ap\u00f3s a validade do voucher.<\/li>\n<\/ul>\n<\/li>\n<li>Clientes da Quinta Jardins do Lago:\n<ul>\n<li>Os dados pessoais dos clientes ser\u00e3o conservados durante cinco anos ap\u00f3s a emiss\u00e3o da \u00faltima fatura.<\/li>\n<\/ul>\n<\/li>\n<li>Dados anonimizados e agregados poder\u00e3o ser retidos indefinidamente para fins estat\u00edsticos e administrativos.<\/li>\n<\/ul>\n<p>&nbsp;<\/p>\n<p><strong>Pol\u00edtica de Cookies<\/strong><\/p>\n<p>Esta pol\u00edtica explica de que forma a Quinta Jardins do Lago pode utilizar Cookies no seu website. Para garantir o funcionamento adequado do site, por vezes s\u00e3o colocados pequenos ficheiros (Cookies) no seu dispositivo. Estes permitem-nos melhorar o site e prestar um servi\u00e7o mais personalizado.<\/p>\n<p>&nbsp;<\/p>\n<p><strong>O que s\u00e3o Cookies?<\/strong><\/p>\n<p>Cookies s\u00e3o ficheiros de texto com pequenas quantidades de informa\u00e7\u00e3o, que s\u00e3o descarregados para o seu dispositivo ao visitar o nosso site. A cada visita posterior, os Cookies s\u00e3o reenviados para o site de origem ou para outro site que reconhe\u00e7a esses Cookies.<\/p>\n<p>Os Cookies permitem ao site reconhecer o seu dispositivo e memorizar as suas a\u00e7\u00f5es e prefer\u00eancias (como login, idioma, tamanho de letra, entre outras defini\u00e7\u00f5es), para que n\u00e3o tenha de reconfigur\u00e1-las cada vez que regressa ao site.<\/p>\n<p>Existem diferentes tipos de Cookies, com diferentes finalidades \u2014 por exemplo, para lembrar a\u00e7\u00f5es do utilizador, identificar o utilizador ou apresentar publicidade comportamental personalizada.<\/p>\n<p>&nbsp;<\/p>\n<p><strong>Quem controla ou acede \u00e0 informa\u00e7\u00e3o dos Cookies?<\/strong><\/p>\n<p>A Quinta Jardins do Lago controla o acesso \u00e0 informa\u00e7\u00e3o associada aos Cookies, podendo autorizar terceiros, como o Google Analytics, a aceder a esses dados.<\/p>\n<p>&nbsp;<\/p>\n<p><strong>Os Cookies ser\u00e3o utilizados para outros fins al\u00e9m dos indicados?<\/strong><\/p>\n<p>N\u00e3o. Os Cookies apenas ser\u00e3o utilizados para os fins mencionados, salvo altera\u00e7\u00f5es futuras a esta pol\u00edtica. Por isso, recomendamos que consulte esta Pol\u00edtica de Cookies regularmente para garantir que est\u00e1 atualizado.<\/p>\n<p>&nbsp;<\/p>\n<p><strong>O seu direito \u00e0 privacidade<\/strong><\/p>\n<p>A Quinta Jardins do Lago respeita o seu direito \u00e0 privacidade. Qualquer informa\u00e7\u00e3o pessoal que forne\u00e7a ser\u00e1 tratada com os devidos n\u00edveis de seguran\u00e7a e confidencialidade, de acordo com o Regulamento Geral sobre a Prote\u00e7\u00e3o de Dados 2016\/679 e legisla\u00e7\u00e3o nacional aplic\u00e1vel.<\/p>\n<p>Caso deseje obter uma c\u00f3pia dos seus dados, discuti-los, corrigi-los ou elimin\u00e1-los, entre em contacto connosco. Para mais informa\u00e7\u00f5es, consulte a nossa Pol\u00edtica de Privacidade acima.<\/p>\n<p>&nbsp;<\/p>\n<p><strong>Altera\u00e7\u00f5es \u00e0 Pol\u00edtica<\/strong><\/p>\n<p>A Quinta Jardins do Lago reserva-se o direito de alterar esta Pol\u00edtica a qualquer momento, podendo publicar as altera\u00e7\u00f5es sem aviso pr\u00e9vio aos utilizadores do website.<\/p>\n","protected":false},"excerpt":{"rendered":"<p>&nbsp; Seguran\u00e7a dos Cart\u00f5es de Cr\u00e9dito Se efetuar uma reserva online ou adquirir um voucher, a Quinta Jardins do Lago poder\u00e1 necessitar de recolher os dados do seu cart\u00e3o de cr\u00e9dito. A p\u00e1gina de inser\u00e7\u00e3o dos dados do cart\u00e3o de cr\u00e9dito no website da Quinta Jardins do Lago est\u00e1 protegida por uma potente tecnologia de [&hellip;]<\/p>\n","protected":false},"author":6,"featured_media":0,"parent":0,"menu_order":57,"comment_status":"closed","ping_status":"closed","template":"template-privacy.php","meta":{"footnotes":""},"categories":[],"class_list":["post-450","page","type-page","status-publish","hentry"],"yoast_head":"<!-- This site is optimized with the Yoast SEO plugin v26.9 - https:\/\/yoast.com\/product\/yoast-seo-wordpress\/ -->\n<title>Privacy Policy - Quinta Jardins do Lago -<\/title>\n<meta name=\"description\" content=\"&nbsp;  Seguran\u00e7a dos Cart\u00f5es de Cr\u00e9dito  Se efetuar uma reserva online ou adquirir um voucher, a Quinta Jardins do Lago poder\u00e1 necessitar de recolher os dados do seu cart\u00e3o de cr\u00e9dito.  A p\u00e1gina de inser\u00e7\u00e3o dos dados do cart\u00e3o de cr\u00e9dito no website da Quinta Jardins do Lago est\u00e1 protegida por uma potente tecnologia de encripta\u00e7\u00e3o Secure Sockets Layer (SSL). O SSL encripta os seus dados antes de serem transmitidos pela Internet, garantindo que permanecem totalmente confidenciais durante a transmiss\u00e3o.  Al\u00e9m disso, a utiliza\u00e7\u00e3o do cart\u00e3o de cr\u00e9dito \u00e9 verificada em tempo real, atrav\u00e9s de uma liga\u00e7\u00e3o segura com o sistema banc\u00e1rio, no momento da cobran\u00e7a\" \/>\n<meta name=\"robots\" content=\"index, follow, max-snippet:-1, max-image-preview:large, max-video-preview:-1\" \/>\n<link rel=\"canonical\" href=\"https:\/\/www.jardinsdolago.com\/pt-pt\/privacy-policy\/\" \/>\n<meta property=\"og:locale\" content=\"pt_PT\" \/>\n<meta property=\"og:type\" content=\"article\" \/>\n<meta property=\"og:title\" content=\"Privacy Policy - Quinta Jardins do Lago -\" \/>\n<meta property=\"og:description\" content=\"&nbsp;  Seguran\u00e7a dos Cart\u00f5es de Cr\u00e9dito  Se efetuar uma reserva online ou adquirir um voucher, a Quinta Jardins do Lago poder\u00e1 necessitar de recolher os dados do seu cart\u00e3o de cr\u00e9dito.  A p\u00e1gina de inser\u00e7\u00e3o dos dados do cart\u00e3o de cr\u00e9dito no website da Quinta Jardins do Lago est\u00e1 protegida por uma potente tecnologia de encripta\u00e7\u00e3o Secure Sockets Layer (SSL). O SSL encripta os seus dados antes de serem transmitidos pela Internet, garantindo que permanecem totalmente confidenciais durante a transmiss\u00e3o.  Al\u00e9m disso, a utiliza\u00e7\u00e3o do cart\u00e3o de cr\u00e9dito \u00e9 verificada em tempo real, atrav\u00e9s de uma liga\u00e7\u00e3o segura com o sistema banc\u00e1rio, no momento da cobran\u00e7a\" \/>\n<meta property=\"og:url\" content=\"https:\/\/www.jardinsdolago.com\/pt-pt\/privacy-policy\/\" \/>\n<meta property=\"og:site_name\" content=\"Quinta Jardins do Lago\" \/>\n<meta property=\"article:publisher\" content=\"https:\/\/www.facebook.com\/quintajardinsdolago\" \/>\n<meta property=\"article:modified_time\" content=\"2025-08-07T13:05:44+00:00\" \/>\n<meta property=\"og:image\" content=\"https:\/\/www.jardinsdolago.com\/wp-content\/uploads\/sites\/564\/2024\/10\/DJI_0461_16x9.jpg\" \/>\n\t<meta property=\"og:image:width\" content=\"1920\" \/>\n\t<meta property=\"og:image:height\" content=\"1080\" \/>\n\t<meta property=\"og:image:type\" content=\"image\/jpeg\" \/>\n<meta name=\"twitter:card\" content=\"summary_large_image\" \/>\n<meta name=\"twitter:label1\" content=\"Est. reading time\" \/>\n\t<meta name=\"twitter:data1\" content=\"7 minutos\" \/>\n<script type=\"application\/ld+json\" class=\"yoast-schema-graph\">{\"@context\":\"https:\/\/schema.org\",\"@graph\":[{\"@type\":\"WebPage\",\"@id\":\"https:\/\/www.jardinsdolago.com\/pt-pt\/privacy-policy\/\",\"url\":\"https:\/\/www.jardinsdolago.com\/pt-pt\/privacy-policy\/\",\"name\":\"Privacy Policy - Quinta Jardins do Lago -\",\"isPartOf\":{\"@id\":\"https:\/\/www.jardinsdolago.com\/pt-pt\/#website\"},\"datePublished\":\"2021-07-15T08:54:48+00:00\",\"dateModified\":\"2025-08-07T13:05:44+00:00\",\"description\":\"&nbsp; Seguran\u00e7a dos Cart\u00f5es de Cr\u00e9dito Se efetuar uma reserva online ou adquirir um voucher, a Quinta Jardins do Lago poder\u00e1 necessitar de recolher os dados do seu cart\u00e3o de cr\u00e9dito. A p\u00e1gina de inser\u00e7\u00e3o dos dados do cart\u00e3o de cr\u00e9dito no website da Quinta Jardins do Lago est\u00e1 protegida por uma potente tecnologia de encripta\u00e7\u00e3o Secure Sockets Layer (SSL). O SSL encripta os seus dados antes de serem transmitidos pela Internet, garantindo que permanecem totalmente confidenciais durante a transmiss\u00e3o. Al\u00e9m disso, a utiliza\u00e7\u00e3o do cart\u00e3o de cr\u00e9dito \u00e9 verificada em tempo real, atrav\u00e9s de uma liga\u00e7\u00e3o segura com o sistema banc\u00e1rio, no momento da cobran\u00e7a\",\"breadcrumb\":{\"@id\":\"https:\/\/www.jardinsdolago.com\/pt-pt\/privacy-policy\/#breadcrumb\"},\"inLanguage\":\"pt-PT\",\"potentialAction\":[{\"@type\":\"ReadAction\",\"target\":[\"https:\/\/www.jardinsdolago.com\/pt-pt\/privacy-policy\/\"]}]},{\"@type\":\"BreadcrumbList\",\"@id\":\"https:\/\/www.jardinsdolago.com\/pt-pt\/privacy-policy\/#breadcrumb\",\"itemListElement\":[{\"@type\":\"ListItem\",\"position\":1,\"name\":\"Home\",\"item\":\"https:\/\/www.jardinsdolago.com\/pt-pt\/\"},{\"@type\":\"ListItem\",\"position\":2,\"name\":\"Privacy Policy\"}]},{\"@type\":\"WebSite\",\"@id\":\"https:\/\/www.jardinsdolago.com\/pt-pt\/#website\",\"url\":\"https:\/\/www.jardinsdolago.com\/pt-pt\/\",\"name\":\"Quinta Jardins do Lago\",\"description\":\"\",\"publisher\":{\"@id\":\"https:\/\/www.jardinsdolago.com\/pt-pt\/#organization\"},\"alternateName\":\"Quinta Jardins do Lago\",\"potentialAction\":[{\"@type\":\"SearchAction\",\"target\":{\"@type\":\"EntryPoint\",\"urlTemplate\":\"https:\/\/www.jardinsdolago.com\/pt-pt\/?s={search_term_string}\"},\"query-input\":{\"@type\":\"PropertyValueSpecification\",\"valueRequired\":true,\"valueName\":\"search_term_string\"}}],\"inLanguage\":\"pt-PT\"},{\"@type\":\"Organization\",\"@id\":\"https:\/\/www.jardinsdolago.com\/pt-pt\/#organization\",\"name\":\"Quinta Jardins do Lago\",\"url\":\"https:\/\/www.jardinsdolago.com\/pt-pt\/\",\"logo\":{\"@type\":\"ImageObject\",\"inLanguage\":\"pt-PT\",\"@id\":\"https:\/\/www.jardinsdolago.com\/pt-pt\/#\/schema\/logo\/image\/\",\"url\":\"https:\/\/www.jardinsdolago.com\/wp-content\/uploads\/sites\/564\/2024\/07\/QJL_400X400.svg\",\"contentUrl\":\"https:\/\/www.jardinsdolago.com\/wp-content\/uploads\/sites\/564\/2024\/07\/QJL_400X400.svg\",\"width\":400,\"height\":400,\"caption\":\"Quinta Jardins do Lago\"},\"image\":{\"@id\":\"https:\/\/www.jardinsdolago.com\/pt-pt\/#\/schema\/logo\/image\/\"},\"sameAs\":[\"https:\/\/www.facebook.com\/quintajardinsdolago\",\"https:\/\/www.instagram.com\/quintajardinsdolago\/\"]}]}<\/script>\n<!-- \/ Yoast SEO plugin. -->","yoast_head_json":{"title":"Privacy Policy - Quinta Jardins do Lago -","description":"&nbsp;  Seguran\u00e7a dos Cart\u00f5es de Cr\u00e9dito  Se efetuar uma reserva online ou adquirir um voucher, a Quinta Jardins do Lago poder\u00e1 necessitar de recolher os dados do seu cart\u00e3o de cr\u00e9dito.  A p\u00e1gina de inser\u00e7\u00e3o dos dados do cart\u00e3o de cr\u00e9dito no website da Quinta Jardins do Lago est\u00e1 protegida por uma potente tecnologia de encripta\u00e7\u00e3o Secure Sockets Layer (SSL). O SSL encripta os seus dados antes de serem transmitidos pela Internet, garantindo que permanecem totalmente confidenciais durante a transmiss\u00e3o.  Al\u00e9m disso, a utiliza\u00e7\u00e3o do cart\u00e3o de cr\u00e9dito \u00e9 verificada em tempo real, atrav\u00e9s de uma liga\u00e7\u00e3o segura com o sistema banc\u00e1rio, no momento da cobran\u00e7a","robots":{"index":"index","follow":"follow","max-snippet":"max-snippet:-1","max-image-preview":"max-image-preview:large","max-video-preview":"max-video-preview:-1"},"canonical":"https:\/\/www.jardinsdolago.com\/pt-pt\/privacy-policy\/","og_locale":"pt_PT","og_type":"article","og_title":"Privacy Policy - Quinta Jardins do Lago -","og_description":"&nbsp;  Seguran\u00e7a dos Cart\u00f5es de Cr\u00e9dito  Se efetuar uma reserva online ou adquirir um voucher, a Quinta Jardins do Lago poder\u00e1 necessitar de recolher os dados do seu cart\u00e3o de cr\u00e9dito.  A p\u00e1gina de inser\u00e7\u00e3o dos dados do cart\u00e3o de cr\u00e9dito no website da Quinta Jardins do Lago est\u00e1 protegida por uma potente tecnologia de encripta\u00e7\u00e3o Secure Sockets Layer (SSL). O SSL encripta os seus dados antes de serem transmitidos pela Internet, garantindo que permanecem totalmente confidenciais durante a transmiss\u00e3o.  Al\u00e9m disso, a utiliza\u00e7\u00e3o do cart\u00e3o de cr\u00e9dito \u00e9 verificada em tempo real, atrav\u00e9s de uma liga\u00e7\u00e3o segura com o sistema banc\u00e1rio, no momento da cobran\u00e7a","og_url":"https:\/\/www.jardinsdolago.com\/pt-pt\/privacy-policy\/","og_site_name":"Quinta Jardins do Lago","article_publisher":"https:\/\/www.facebook.com\/quintajardinsdolago","article_modified_time":"2025-08-07T13:05:44+00:00","og_image":[{"width":1920,"height":1080,"url":"https:\/\/www.jardinsdolago.com\/wp-content\/uploads\/sites\/564\/2024\/10\/DJI_0461_16x9.jpg","type":"image\/jpeg"}],"twitter_card":"summary_large_image","twitter_misc":{"Est. reading time":"7 minutos"},"schema":{"@context":"https:\/\/schema.org","@graph":[{"@type":"WebPage","@id":"https:\/\/www.jardinsdolago.com\/pt-pt\/privacy-policy\/","url":"https:\/\/www.jardinsdolago.com\/pt-pt\/privacy-policy\/","name":"Privacy Policy - Quinta Jardins do Lago -","isPartOf":{"@id":"https:\/\/www.jardinsdolago.com\/pt-pt\/#website"},"datePublished":"2021-07-15T08:54:48+00:00","dateModified":"2025-08-07T13:05:44+00:00","description":"&nbsp; Seguran\u00e7a dos Cart\u00f5es de Cr\u00e9dito Se efetuar uma reserva online ou adquirir um voucher, a Quinta Jardins do Lago poder\u00e1 necessitar de recolher os dados do seu cart\u00e3o de cr\u00e9dito. A p\u00e1gina de inser\u00e7\u00e3o dos dados do cart\u00e3o de cr\u00e9dito no website da Quinta Jardins do Lago est\u00e1 protegida por uma potente tecnologia de encripta\u00e7\u00e3o Secure Sockets Layer (SSL). O SSL encripta os seus dados antes de serem transmitidos pela Internet, garantindo que permanecem totalmente confidenciais durante a transmiss\u00e3o. Al\u00e9m disso, a utiliza\u00e7\u00e3o do cart\u00e3o de cr\u00e9dito \u00e9 verificada em tempo real, atrav\u00e9s de uma liga\u00e7\u00e3o segura com o sistema banc\u00e1rio, no momento da cobran\u00e7a","breadcrumb":{"@id":"https:\/\/www.jardinsdolago.com\/pt-pt\/privacy-policy\/#breadcrumb"},"inLanguage":"pt-PT","potentialAction":[{"@type":"ReadAction","target":["https:\/\/www.jardinsdolago.com\/pt-pt\/privacy-policy\/"]}]},{"@type":"BreadcrumbList","@id":"https:\/\/www.jardinsdolago.com\/pt-pt\/privacy-policy\/#breadcrumb","itemListElement":[{"@type":"ListItem","position":1,"name":"Home","item":"https:\/\/www.jardinsdolago.com\/pt-pt\/"},{"@type":"ListItem","position":2,"name":"Privacy Policy"}]},{"@type":"WebSite","@id":"https:\/\/www.jardinsdolago.com\/pt-pt\/#website","url":"https:\/\/www.jardinsdolago.com\/pt-pt\/","name":"Quinta Jardins do Lago","description":"","publisher":{"@id":"https:\/\/www.jardinsdolago.com\/pt-pt\/#organization"},"alternateName":"Quinta Jardins do Lago","potentialAction":[{"@type":"SearchAction","target":{"@type":"EntryPoint","urlTemplate":"https:\/\/www.jardinsdolago.com\/pt-pt\/?s={search_term_string}"},"query-input":{"@type":"PropertyValueSpecification","valueRequired":true,"valueName":"search_term_string"}}],"inLanguage":"pt-PT"},{"@type":"Organization","@id":"https:\/\/www.jardinsdolago.com\/pt-pt\/#organization","name":"Quinta Jardins do Lago","url":"https:\/\/www.jardinsdolago.com\/pt-pt\/","logo":{"@type":"ImageObject","inLanguage":"pt-PT","@id":"https:\/\/www.jardinsdolago.com\/pt-pt\/#\/schema\/logo\/image\/","url":"https:\/\/www.jardinsdolago.com\/wp-content\/uploads\/sites\/564\/2024\/07\/QJL_400X400.svg","contentUrl":"https:\/\/www.jardinsdolago.com\/wp-content\/uploads\/sites\/564\/2024\/07\/QJL_400X400.svg","width":400,"height":400,"caption":"Quinta Jardins do Lago"},"image":{"@id":"https:\/\/www.jardinsdolago.com\/pt-pt\/#\/schema\/logo\/image\/"},"sameAs":["https:\/\/www.facebook.com\/quintajardinsdolago","https:\/\/www.instagram.com\/quintajardinsdolago\/"]}]}},"acf":[],"_links":{"self":[{"href":"https:\/\/www.jardinsdolago.com\/pt-pt\/wp-json\/wp\/v2\/pages\/450","targetHints":{"allow":["GET"]}}],"collection":[{"href":"https:\/\/www.jardinsdolago.com\/pt-pt\/wp-json\/wp\/v2\/pages"}],"about":[{"href":"https:\/\/www.jardinsdolago.com\/pt-pt\/wp-json\/wp\/v2\/types\/page"}],"author":[{"embeddable":true,"href":"https:\/\/www.jardinsdolago.com\/pt-pt\/wp-json\/wp\/v2\/users\/6"}],"replies":[{"embeddable":true,"href":"https:\/\/www.jardinsdolago.com\/pt-pt\/wp-json\/wp\/v2\/comments?post=450"}],"version-history":[{"count":0,"href":"https:\/\/www.jardinsdolago.com\/pt-pt\/wp-json\/wp\/v2\/pages\/450\/revisions"}],"wp:attachment":[{"href":"https:\/\/www.jardinsdolago.com\/pt-pt\/wp-json\/wp\/v2\/media?parent=450"}],"wp:term":[{"taxonomy":"category","embeddable":true,"href":"https:\/\/www.jardinsdolago.com\/pt-pt\/wp-json\/wp\/v2\/categories?post=450"}],"curies":[{"name":"wp","href":"https:\/\/api.w.org\/{rel}","templated":true}]}}