{"id":874,"date":"2023-02-03T16:21:10","date_gmt":"2023-02-03T16:21:10","guid":{"rendered":"https:\/\/praia-do-canal-new.ms.decms.eu\/destination-2\/"},"modified":"2024-05-14T11:11:06","modified_gmt":"2024-05-14T11:11:06","slug":"destino","status":"publish","type":"page","link":"https:\/\/www.jardinsdolago.com\/pt-pt\/destino\/","title":{"rendered":"Destino"},"content":{"rendered":"<p>Praia do Canal Nature Retreat est\u00e1 inserido no Parque Natural do Sudoeste Alentejano e Costa Vicentina. Estendendo-se ao longo de mais de 100km de costa, o parque natural \u00e9 o tro\u00e7o de litoral europeu melhor conservado, com v\u00e1rias esp\u00e9cies de fauna e flora \u00fanicas.<\/p>\n<p>A paisagem \u00e9 marcada por fal\u00e9sias calc\u00e1rias \u00edngremes que foram esculpidas em uma s\u00e9rie de promont\u00f3rios escarpados, que destaca praias deslumbrantes, muito procuradas pelos surfistas, e s\u00e3o as melhores do pa\u00eds. Com imensa variedade, encontrando-se extensos areais e pequenas praias aninhadas entre arribas e rochas. Essas caracter\u00edsticas geol\u00f3gicas not\u00e1veis criaram uma variedade de habitats distintos de plantas e p\u00e1ssaros. Uma obra-prima de cores e texturas.<\/p>\n","protected":false},"excerpt":{"rendered":"<p>Praia do Canal Nature Retreat est\u00e1 inserido no Parque Natural do Sudoeste Alentejano e Costa Vicentina. Estendendo-se ao longo de mais de 100km de costa, o parque natural \u00e9 o tro\u00e7o de litoral europeu melhor conservado, com v\u00e1rias esp\u00e9cies de fauna e flora \u00fanicas. A paisagem \u00e9 marcada por fal\u00e9sias calc\u00e1rias \u00edngremes que foram esculpidas [&hellip;]<\/p>\n","protected":false},"author":442,"featured_media":1480,"parent":0,"menu_order":78,"comment_status":"closed","ping_status":"closed","template":"template-experiences.php","meta":{"footnotes":""},"categories":[],"class_list":["post-874","page","type-page","status-publish","has-post-thumbnail","hentry"],"yoast_head":"<!-- This site is optimized with the Yoast SEO plugin v26.9 - https:\/\/yoast.com\/product\/yoast-seo-wordpress\/ -->\n<title>Destino - Quinta Jardins do Lago -<\/title>\n<meta name=\"description\" content=\"Praia do Canal Nature Retreat est\u00e1 inserido no Parque Natural do Sudoeste Alentejano e Costa Vicentina. Estendendo-se ao longo de mais de 100km de costa, o parque natural \u00e9 o tro\u00e7o de litoral europeu melhor conservado, com v\u00e1rias esp\u00e9cies de fauna e flora \u00fanicas.  A paisagem \u00e9 marcada por fal\u00e9sias calc\u00e1rias \u00edngremes que foram esculpidas em uma s\u00e9rie de promont\u00f3rios escarpados, que destaca praias deslumbrantes, muito procuradas pelos surfistas, e s\u00e3o as melhores do pa\u00eds\" \/>\n<meta name=\"robots\" content=\"index, follow, max-snippet:-1, max-image-preview:large, max-video-preview:-1\" \/>\n<link rel=\"canonical\" href=\"https:\/\/www.jardinsdolago.com\/pt-pt\/destino\/\" \/>\n<meta property=\"og:locale\" content=\"pt_PT\" \/>\n<meta property=\"og:type\" content=\"article\" \/>\n<meta property=\"og:title\" content=\"Destino - Quinta Jardins do Lago -\" \/>\n<meta property=\"og:description\" content=\"Praia do Canal Nature Retreat est\u00e1 inserido no Parque Natural do Sudoeste Alentejano e Costa Vicentina. Estendendo-se ao longo de mais de 100km de costa, o parque natural \u00e9 o tro\u00e7o de litoral europeu melhor conservado, com v\u00e1rias esp\u00e9cies de fauna e flora \u00fanicas.  A paisagem \u00e9 marcada por fal\u00e9sias calc\u00e1rias \u00edngremes que foram esculpidas em uma s\u00e9rie de promont\u00f3rios escarpados, que destaca praias deslumbrantes, muito procuradas pelos surfistas, e s\u00e3o as melhores do pa\u00eds\" \/>\n<meta property=\"og:url\" content=\"https:\/\/www.jardinsdolago.com\/pt-pt\/destino\/\" \/>\n<meta property=\"og:site_name\" content=\"Quinta Jardins do Lago\" \/>\n<meta property=\"article:publisher\" content=\"https:\/\/www.facebook.com\/quintajardinsdolago\" \/>\n<meta property=\"article:modified_time\" content=\"2024-05-14T11:11:06+00:00\" \/>\n<meta property=\"og:image\" content=\"https:\/\/www.jardinsdolago.com\/wp-content\/uploads\/sites\/564\/2024\/05\/DSCF0111.jpg\" \/>\n\t<meta property=\"og:image:width\" content=\"800\" \/>\n\t<meta property=\"og:image:height\" content=\"1200\" \/>\n\t<meta property=\"og:image:type\" content=\"image\/jpeg\" \/>\n<meta name=\"twitter:card\" content=\"summary_large_image\" \/>\n<meta name=\"twitter:label1\" content=\"Est. reading time\" \/>\n\t<meta name=\"twitter:data1\" content=\"1 minuto\" \/>\n<script type=\"application\/ld+json\" class=\"yoast-schema-graph\">{\"@context\":\"https:\/\/schema.org\",\"@graph\":[{\"@type\":\"WebPage\",\"@id\":\"https:\/\/www.jardinsdolago.com\/pt-pt\/destino\/\",\"url\":\"https:\/\/www.jardinsdolago.com\/pt-pt\/destino\/\",\"name\":\"Destino - Quinta Jardins do Lago -\",\"isPartOf\":{\"@id\":\"https:\/\/www.jardinsdolago.com\/pt-pt\/#website\"},\"primaryImageOfPage\":{\"@id\":\"https:\/\/www.jardinsdolago.com\/pt-pt\/destino\/#primaryimage\"},\"image\":{\"@id\":\"https:\/\/www.jardinsdolago.com\/pt-pt\/destino\/#primaryimage\"},\"thumbnailUrl\":\"https:\/\/www.jardinsdolago.com\/wp-content\/uploads\/sites\/564\/2024\/05\/DSCF0111.jpg\",\"datePublished\":\"2023-02-03T16:21:10+00:00\",\"dateModified\":\"2024-05-14T11:11:06+00:00\",\"description\":\"Praia do Canal Nature Retreat est\u00e1 inserido no Parque Natural do Sudoeste Alentejano e Costa Vicentina. Estendendo-se ao longo de mais de 100km de costa, o parque natural \u00e9 o tro\u00e7o de litoral europeu melhor conservado, com v\u00e1rias esp\u00e9cies de fauna e flora \u00fanicas. A paisagem \u00e9 marcada por fal\u00e9sias calc\u00e1rias \u00edngremes que foram esculpidas em uma s\u00e9rie de promont\u00f3rios escarpados, que destaca praias deslumbrantes, muito procuradas pelos surfistas, e s\u00e3o as melhores do pa\u00eds\",\"breadcrumb\":{\"@id\":\"https:\/\/www.jardinsdolago.com\/pt-pt\/destino\/#breadcrumb\"},\"inLanguage\":\"pt-PT\",\"potentialAction\":[{\"@type\":\"ReadAction\",\"target\":[\"https:\/\/www.jardinsdolago.com\/pt-pt\/destino\/\"]}]},{\"@type\":\"ImageObject\",\"inLanguage\":\"pt-PT\",\"@id\":\"https:\/\/www.jardinsdolago.com\/pt-pt\/destino\/#primaryimage\",\"url\":\"https:\/\/www.jardinsdolago.com\/wp-content\/uploads\/sites\/564\/2024\/05\/DSCF0111.jpg\",\"contentUrl\":\"https:\/\/www.jardinsdolago.com\/wp-content\/uploads\/sites\/564\/2024\/05\/DSCF0111.jpg\",\"width\":800,\"height\":1200},{\"@type\":\"BreadcrumbList\",\"@id\":\"https:\/\/www.jardinsdolago.com\/pt-pt\/destino\/#breadcrumb\",\"itemListElement\":[{\"@type\":\"ListItem\",\"position\":1,\"name\":\"Home\",\"item\":\"https:\/\/www.jardinsdolago.com\/pt-pt\/\"},{\"@type\":\"ListItem\",\"position\":2,\"name\":\"Destino\"}]},{\"@type\":\"WebSite\",\"@id\":\"https:\/\/www.jardinsdolago.com\/pt-pt\/#website\",\"url\":\"https:\/\/www.jardinsdolago.com\/pt-pt\/\",\"name\":\"Quinta Jardins do Lago\",\"description\":\"\",\"publisher\":{\"@id\":\"https:\/\/www.jardinsdolago.com\/pt-pt\/#organization\"},\"alternateName\":\"Quinta Jardins do Lago\",\"potentialAction\":[{\"@type\":\"SearchAction\",\"target\":{\"@type\":\"EntryPoint\",\"urlTemplate\":\"https:\/\/www.jardinsdolago.com\/pt-pt\/?s={search_term_string}\"},\"query-input\":{\"@type\":\"PropertyValueSpecification\",\"valueRequired\":true,\"valueName\":\"search_term_string\"}}],\"inLanguage\":\"pt-PT\"},{\"@type\":\"Organization\",\"@id\":\"https:\/\/www.jardinsdolago.com\/pt-pt\/#organization\",\"name\":\"Quinta Jardins do Lago\",\"url\":\"https:\/\/www.jardinsdolago.com\/pt-pt\/\",\"logo\":{\"@type\":\"ImageObject\",\"inLanguage\":\"pt-PT\",\"@id\":\"https:\/\/www.jardinsdolago.com\/pt-pt\/#\/schema\/logo\/image\/\",\"url\":\"https:\/\/www.jardinsdolago.com\/wp-content\/uploads\/sites\/564\/2024\/07\/QJL_400X400.svg\",\"contentUrl\":\"https:\/\/www.jardinsdolago.com\/wp-content\/uploads\/sites\/564\/2024\/07\/QJL_400X400.svg\",\"width\":400,\"height\":400,\"caption\":\"Quinta Jardins do Lago\"},\"image\":{\"@id\":\"https:\/\/www.jardinsdolago.com\/pt-pt\/#\/schema\/logo\/image\/\"},\"sameAs\":[\"https:\/\/www.facebook.com\/quintajardinsdolago\",\"https:\/\/www.instagram.com\/quintajardinsdolago\/\"]}]}<\/script>\n<!-- \/ Yoast SEO plugin. -->","yoast_head_json":{"title":"Destino - Quinta Jardins do Lago -","description":"Praia do Canal Nature Retreat est\u00e1 inserido no Parque Natural do Sudoeste Alentejano e Costa Vicentina. Estendendo-se ao longo de mais de 100km de costa, o parque natural \u00e9 o tro\u00e7o de litoral europeu melhor conservado, com v\u00e1rias esp\u00e9cies de fauna e flora \u00fanicas.  A paisagem \u00e9 marcada por fal\u00e9sias calc\u00e1rias \u00edngremes que foram esculpidas em uma s\u00e9rie de promont\u00f3rios escarpados, que destaca praias deslumbrantes, muito procuradas pelos surfistas, e s\u00e3o as melhores do pa\u00eds","robots":{"index":"index","follow":"follow","max-snippet":"max-snippet:-1","max-image-preview":"max-image-preview:large","max-video-preview":"max-video-preview:-1"},"canonical":"https:\/\/www.jardinsdolago.com\/pt-pt\/destino\/","og_locale":"pt_PT","og_type":"article","og_title":"Destino - Quinta Jardins do Lago -","og_description":"Praia do Canal Nature Retreat est\u00e1 inserido no Parque Natural do Sudoeste Alentejano e Costa Vicentina. Estendendo-se ao longo de mais de 100km de costa, o parque natural \u00e9 o tro\u00e7o de litoral europeu melhor conservado, com v\u00e1rias esp\u00e9cies de fauna e flora \u00fanicas.  A paisagem \u00e9 marcada por fal\u00e9sias calc\u00e1rias \u00edngremes que foram esculpidas em uma s\u00e9rie de promont\u00f3rios escarpados, que destaca praias deslumbrantes, muito procuradas pelos surfistas, e s\u00e3o as melhores do pa\u00eds","og_url":"https:\/\/www.jardinsdolago.com\/pt-pt\/destino\/","og_site_name":"Quinta Jardins do Lago","article_publisher":"https:\/\/www.facebook.com\/quintajardinsdolago","article_modified_time":"2024-05-14T11:11:06+00:00","og_image":[{"width":800,"height":1200,"url":"https:\/\/www.jardinsdolago.com\/wp-content\/uploads\/sites\/564\/2024\/05\/DSCF0111.jpg","type":"image\/jpeg"}],"twitter_card":"summary_large_image","twitter_misc":{"Est. reading time":"1 minuto"},"schema":{"@context":"https:\/\/schema.org","@graph":[{"@type":"WebPage","@id":"https:\/\/www.jardinsdolago.com\/pt-pt\/destino\/","url":"https:\/\/www.jardinsdolago.com\/pt-pt\/destino\/","name":"Destino - Quinta Jardins do Lago -","isPartOf":{"@id":"https:\/\/www.jardinsdolago.com\/pt-pt\/#website"},"primaryImageOfPage":{"@id":"https:\/\/www.jardinsdolago.com\/pt-pt\/destino\/#primaryimage"},"image":{"@id":"https:\/\/www.jardinsdolago.com\/pt-pt\/destino\/#primaryimage"},"thumbnailUrl":"https:\/\/www.jardinsdolago.com\/wp-content\/uploads\/sites\/564\/2024\/05\/DSCF0111.jpg","datePublished":"2023-02-03T16:21:10+00:00","dateModified":"2024-05-14T11:11:06+00:00","description":"Praia do Canal Nature Retreat est\u00e1 inserido no Parque Natural do Sudoeste Alentejano e Costa Vicentina. Estendendo-se ao longo de mais de 100km de costa, o parque natural \u00e9 o tro\u00e7o de litoral europeu melhor conservado, com v\u00e1rias esp\u00e9cies de fauna e flora \u00fanicas. A paisagem \u00e9 marcada por fal\u00e9sias calc\u00e1rias \u00edngremes que foram esculpidas em uma s\u00e9rie de promont\u00f3rios escarpados, que destaca praias deslumbrantes, muito procuradas pelos surfistas, e s\u00e3o as melhores do pa\u00eds","breadcrumb":{"@id":"https:\/\/www.jardinsdolago.com\/pt-pt\/destino\/#breadcrumb"},"inLanguage":"pt-PT","potentialAction":[{"@type":"ReadAction","target":["https:\/\/www.jardinsdolago.com\/pt-pt\/destino\/"]}]},{"@type":"ImageObject","inLanguage":"pt-PT","@id":"https:\/\/www.jardinsdolago.com\/pt-pt\/destino\/#primaryimage","url":"https:\/\/www.jardinsdolago.com\/wp-content\/uploads\/sites\/564\/2024\/05\/DSCF0111.jpg","contentUrl":"https:\/\/www.jardinsdolago.com\/wp-content\/uploads\/sites\/564\/2024\/05\/DSCF0111.jpg","width":800,"height":1200},{"@type":"BreadcrumbList","@id":"https:\/\/www.jardinsdolago.com\/pt-pt\/destino\/#breadcrumb","itemListElement":[{"@type":"ListItem","position":1,"name":"Home","item":"https:\/\/www.jardinsdolago.com\/pt-pt\/"},{"@type":"ListItem","position":2,"name":"Destino"}]},{"@type":"WebSite","@id":"https:\/\/www.jardinsdolago.com\/pt-pt\/#website","url":"https:\/\/www.jardinsdolago.com\/pt-pt\/","name":"Quinta Jardins do Lago","description":"","publisher":{"@id":"https:\/\/www.jardinsdolago.com\/pt-pt\/#organization"},"alternateName":"Quinta Jardins do Lago","potentialAction":[{"@type":"SearchAction","target":{"@type":"EntryPoint","urlTemplate":"https:\/\/www.jardinsdolago.com\/pt-pt\/?s={search_term_string}"},"query-input":{"@type":"PropertyValueSpecification","valueRequired":true,"valueName":"search_term_string"}}],"inLanguage":"pt-PT"},{"@type":"Organization","@id":"https:\/\/www.jardinsdolago.com\/pt-pt\/#organization","name":"Quinta Jardins do Lago","url":"https:\/\/www.jardinsdolago.com\/pt-pt\/","logo":{"@type":"ImageObject","inLanguage":"pt-PT","@id":"https:\/\/www.jardinsdolago.com\/pt-pt\/#\/schema\/logo\/image\/","url":"https:\/\/www.jardinsdolago.com\/wp-content\/uploads\/sites\/564\/2024\/07\/QJL_400X400.svg","contentUrl":"https:\/\/www.jardinsdolago.com\/wp-content\/uploads\/sites\/564\/2024\/07\/QJL_400X400.svg","width":400,"height":400,"caption":"Quinta Jardins do Lago"},"image":{"@id":"https:\/\/www.jardinsdolago.com\/pt-pt\/#\/schema\/logo\/image\/"},"sameAs":["https:\/\/www.facebook.com\/quintajardinsdolago","https:\/\/www.instagram.com\/quintajardinsdolago\/"]}]}},"acf":[],"_links":{"self":[{"href":"https:\/\/www.jardinsdolago.com\/pt-pt\/wp-json\/wp\/v2\/pages\/874","targetHints":{"allow":["GET"]}}],"collection":[{"href":"https:\/\/www.jardinsdolago.com\/pt-pt\/wp-json\/wp\/v2\/pages"}],"about":[{"href":"https:\/\/www.jardinsdolago.com\/pt-pt\/wp-json\/wp\/v2\/types\/page"}],"author":[{"embeddable":true,"href":"https:\/\/www.jardinsdolago.com\/pt-pt\/wp-json\/wp\/v2\/users\/442"}],"replies":[{"embeddable":true,"href":"https:\/\/www.jardinsdolago.com\/pt-pt\/wp-json\/wp\/v2\/comments?post=874"}],"version-history":[{"count":0,"href":"https:\/\/www.jardinsdolago.com\/pt-pt\/wp-json\/wp\/v2\/pages\/874\/revisions"}],"wp:featuredmedia":[{"embeddable":true,"href":"https:\/\/www.jardinsdolago.com\/pt-pt\/wp-json\/wp\/v2\/media\/1480"}],"wp:attachment":[{"href":"https:\/\/www.jardinsdolago.com\/pt-pt\/wp-json\/wp\/v2\/media?parent=874"}],"wp:term":[{"taxonomy":"category","embeddable":true,"href":"https:\/\/www.jardinsdolago.com\/pt-pt\/wp-json\/wp\/v2\/categories?post=874"}],"curies":[{"name":"wp","href":"https:\/\/api.w.org\/{rel}","templated":true}]}}