{"id":929,"date":"2022-02-17T14:49:52","date_gmt":"2022-02-17T14:49:52","guid":{"rendered":"https:\/\/praia-do-canal-new.ms.decms.eu\/sitemap\/careers\/"},"modified":"2025-06-11T15:26:05","modified_gmt":"2025-06-11T15:26:05","slug":"carreiras","status":"publish","type":"page","link":"https:\/\/www.jardinsdolago.com\/pt-pt\/carreiras\/","title":{"rendered":"Carreiras"},"content":{"rendered":"<p>Na Quinta Jardins do Lagos acreditamos em reconhecer um rosto familiar, dar as boas-vindas a um novo colaborador e tratar cada um que encontrarmos da forma como gostar\u00edamos de ser tratados.<\/p>\n<p>Quer trabalhe connosco ou fique connosco, acreditamos que o nosso prop\u00f3sito \u00e9 criar impress\u00f5es que o acompanhar\u00e3o para toda a vida. Vem de nossa cren\u00e7a de que a vida \u00e9 mais rica quando nos relacionamos com as pessoas e o mundo ao nosso redor.<\/p>\n<p>&nbsp;<\/p>\n<p>&nbsp;<\/p>\n<p>&nbsp;<\/p>\n","protected":false},"excerpt":{"rendered":"<p>Na Quinta Jardins do Lagos acreditamos em reconhecer um rosto familiar, dar as boas-vindas a um novo colaborador e tratar cada um que encontrarmos da forma como gostar\u00edamos de ser tratados. Quer trabalhe connosco ou fique connosco, acreditamos que o nosso prop\u00f3sito \u00e9 criar impress\u00f5es que o acompanhar\u00e3o para toda a vida. Vem de nossa [&hellip;]<\/p>\n","protected":false},"author":373,"featured_media":819,"parent":0,"menu_order":53,"comment_status":"closed","ping_status":"closed","template":"template-job.php","meta":{"footnotes":""},"categories":[],"class_list":["post-929","page","type-page","status-publish","has-post-thumbnail","hentry"],"yoast_head":"<!-- This site is optimized with the Yoast SEO plugin v26.9 - https:\/\/yoast.com\/product\/yoast-seo-wordpress\/ -->\n<title>Carreiras - Quinta Jardins do Lago -<\/title>\n<meta name=\"description\" content=\"Na Quinta Jardins do Lagos acreditamos em reconhecer um rosto familiar, dar as boas-vindas a um novo colaborador e tratar cada um que encontrarmos da forma como gostar\u00edamos de ser tratados.  Quer trabalhe connosco ou fique connosco, acreditamos que o nosso prop\u00f3sito \u00e9 criar impress\u00f5es que o acompanhar\u00e3o para toda a vida. Vem de nossa cren\u00e7a de que a vida \u00e9 mais rica quando nos relacionamos com as pessoas e o mundo ao nosso redor.  &nbsp;  &nbsp;  &nbsp;\" \/>\n<meta name=\"robots\" content=\"index, follow, max-snippet:-1, max-image-preview:large, max-video-preview:-1\" \/>\n<link rel=\"canonical\" href=\"https:\/\/www.jardinsdolago.com\/pt-pt\/carreiras\/\" \/>\n<meta property=\"og:locale\" content=\"pt_PT\" \/>\n<meta property=\"og:type\" content=\"article\" \/>\n<meta property=\"og:title\" content=\"Carreiras - Quinta Jardins do Lago -\" \/>\n<meta property=\"og:description\" content=\"Na Quinta Jardins do Lagos acreditamos em reconhecer um rosto familiar, dar as boas-vindas a um novo colaborador e tratar cada um que encontrarmos da forma como gostar\u00edamos de ser tratados.  Quer trabalhe connosco ou fique connosco, acreditamos que o nosso prop\u00f3sito \u00e9 criar impress\u00f5es que o acompanhar\u00e3o para toda a vida. Vem de nossa cren\u00e7a de que a vida \u00e9 mais rica quando nos relacionamos com as pessoas e o mundo ao nosso redor.  &nbsp;  &nbsp;  &nbsp;\" \/>\n<meta property=\"og:url\" content=\"https:\/\/www.jardinsdolago.com\/pt-pt\/carreiras\/\" \/>\n<meta property=\"og:site_name\" content=\"Quinta Jardins do Lago\" \/>\n<meta property=\"article:publisher\" content=\"https:\/\/www.facebook.com\/quintajardinsdolago\" \/>\n<meta property=\"article:modified_time\" content=\"2025-06-11T15:26:05+00:00\" \/>\n<meta property=\"og:image\" content=\"https:\/\/www.jardinsdolago.com\/wp-content\/uploads\/sites\/564\/2023\/02\/praia-do-canal-hotel-reception.jpg\" \/>\n\t<meta property=\"og:image:width\" content=\"1779\" \/>\n\t<meta property=\"og:image:height\" content=\"1200\" \/>\n\t<meta property=\"og:image:type\" content=\"image\/jpeg\" \/>\n<meta name=\"twitter:card\" content=\"summary_large_image\" \/>\n<script type=\"application\/ld+json\" class=\"yoast-schema-graph\">{\"@context\":\"https:\/\/schema.org\",\"@graph\":[{\"@type\":\"WebPage\",\"@id\":\"https:\/\/www.jardinsdolago.com\/pt-pt\/carreiras\/\",\"url\":\"https:\/\/www.jardinsdolago.com\/pt-pt\/carreiras\/\",\"name\":\"Carreiras - Quinta Jardins do Lago -\",\"isPartOf\":{\"@id\":\"https:\/\/www.jardinsdolago.com\/pt-pt\/#website\"},\"primaryImageOfPage\":{\"@id\":\"https:\/\/www.jardinsdolago.com\/pt-pt\/carreiras\/#primaryimage\"},\"image\":{\"@id\":\"https:\/\/www.jardinsdolago.com\/pt-pt\/carreiras\/#primaryimage\"},\"thumbnailUrl\":\"https:\/\/www.jardinsdolago.com\/wp-content\/uploads\/sites\/564\/2023\/02\/praia-do-canal-hotel-reception.jpg\",\"datePublished\":\"2022-02-17T14:49:52+00:00\",\"dateModified\":\"2025-06-11T15:26:05+00:00\",\"description\":\"Na Quinta Jardins do Lagos acreditamos em reconhecer um rosto familiar, dar as boas-vindas a um novo colaborador e tratar cada um que encontrarmos da forma como gostar\u00edamos de ser tratados. Quer trabalhe connosco ou fique connosco, acreditamos que o nosso prop\u00f3sito \u00e9 criar impress\u00f5es que o acompanhar\u00e3o para toda a vida. Vem de nossa cren\u00e7a de que a vida \u00e9 mais rica quando nos relacionamos com as pessoas e o mundo ao nosso redor. &nbsp; &nbsp; &nbsp;\",\"breadcrumb\":{\"@id\":\"https:\/\/www.jardinsdolago.com\/pt-pt\/carreiras\/#breadcrumb\"},\"inLanguage\":\"pt-PT\",\"potentialAction\":[{\"@type\":\"ReadAction\",\"target\":[\"https:\/\/www.jardinsdolago.com\/pt-pt\/carreiras\/\"]}]},{\"@type\":\"ImageObject\",\"inLanguage\":\"pt-PT\",\"@id\":\"https:\/\/www.jardinsdolago.com\/pt-pt\/carreiras\/#primaryimage\",\"url\":\"https:\/\/www.jardinsdolago.com\/wp-content\/uploads\/sites\/564\/2023\/02\/praia-do-canal-hotel-reception.jpg\",\"contentUrl\":\"https:\/\/www.jardinsdolago.com\/wp-content\/uploads\/sites\/564\/2023\/02\/praia-do-canal-hotel-reception.jpg\",\"width\":1779,\"height\":1200},{\"@type\":\"BreadcrumbList\",\"@id\":\"https:\/\/www.jardinsdolago.com\/pt-pt\/carreiras\/#breadcrumb\",\"itemListElement\":[{\"@type\":\"ListItem\",\"position\":1,\"name\":\"Home\",\"item\":\"https:\/\/www.jardinsdolago.com\/pt-pt\/\"},{\"@type\":\"ListItem\",\"position\":2,\"name\":\"Carreiras\"}]},{\"@type\":\"WebSite\",\"@id\":\"https:\/\/www.jardinsdolago.com\/pt-pt\/#website\",\"url\":\"https:\/\/www.jardinsdolago.com\/pt-pt\/\",\"name\":\"Quinta Jardins do Lago\",\"description\":\"\",\"publisher\":{\"@id\":\"https:\/\/www.jardinsdolago.com\/pt-pt\/#organization\"},\"alternateName\":\"Quinta Jardins do Lago\",\"potentialAction\":[{\"@type\":\"SearchAction\",\"target\":{\"@type\":\"EntryPoint\",\"urlTemplate\":\"https:\/\/www.jardinsdolago.com\/pt-pt\/?s={search_term_string}\"},\"query-input\":{\"@type\":\"PropertyValueSpecification\",\"valueRequired\":true,\"valueName\":\"search_term_string\"}}],\"inLanguage\":\"pt-PT\"},{\"@type\":\"Organization\",\"@id\":\"https:\/\/www.jardinsdolago.com\/pt-pt\/#organization\",\"name\":\"Quinta Jardins do Lago\",\"url\":\"https:\/\/www.jardinsdolago.com\/pt-pt\/\",\"logo\":{\"@type\":\"ImageObject\",\"inLanguage\":\"pt-PT\",\"@id\":\"https:\/\/www.jardinsdolago.com\/pt-pt\/#\/schema\/logo\/image\/\",\"url\":\"https:\/\/www.jardinsdolago.com\/wp-content\/uploads\/sites\/564\/2024\/07\/QJL_400X400.svg\",\"contentUrl\":\"https:\/\/www.jardinsdolago.com\/wp-content\/uploads\/sites\/564\/2024\/07\/QJL_400X400.svg\",\"width\":400,\"height\":400,\"caption\":\"Quinta Jardins do Lago\"},\"image\":{\"@id\":\"https:\/\/www.jardinsdolago.com\/pt-pt\/#\/schema\/logo\/image\/\"},\"sameAs\":[\"https:\/\/www.facebook.com\/quintajardinsdolago\",\"https:\/\/www.instagram.com\/quintajardinsdolago\/\"]}]}<\/script>\n<!-- \/ Yoast SEO plugin. -->","yoast_head_json":{"title":"Carreiras - Quinta Jardins do Lago -","description":"Na Quinta Jardins do Lagos acreditamos em reconhecer um rosto familiar, dar as boas-vindas a um novo colaborador e tratar cada um que encontrarmos da forma como gostar\u00edamos de ser tratados.  Quer trabalhe connosco ou fique connosco, acreditamos que o nosso prop\u00f3sito \u00e9 criar impress\u00f5es que o acompanhar\u00e3o para toda a vida. Vem de nossa cren\u00e7a de que a vida \u00e9 mais rica quando nos relacionamos com as pessoas e o mundo ao nosso redor.  &nbsp;  &nbsp;  &nbsp;","robots":{"index":"index","follow":"follow","max-snippet":"max-snippet:-1","max-image-preview":"max-image-preview:large","max-video-preview":"max-video-preview:-1"},"canonical":"https:\/\/www.jardinsdolago.com\/pt-pt\/carreiras\/","og_locale":"pt_PT","og_type":"article","og_title":"Carreiras - Quinta Jardins do Lago -","og_description":"Na Quinta Jardins do Lagos acreditamos em reconhecer um rosto familiar, dar as boas-vindas a um novo colaborador e tratar cada um que encontrarmos da forma como gostar\u00edamos de ser tratados.  Quer trabalhe connosco ou fique connosco, acreditamos que o nosso prop\u00f3sito \u00e9 criar impress\u00f5es que o acompanhar\u00e3o para toda a vida. Vem de nossa cren\u00e7a de que a vida \u00e9 mais rica quando nos relacionamos com as pessoas e o mundo ao nosso redor.  &nbsp;  &nbsp;  &nbsp;","og_url":"https:\/\/www.jardinsdolago.com\/pt-pt\/carreiras\/","og_site_name":"Quinta Jardins do Lago","article_publisher":"https:\/\/www.facebook.com\/quintajardinsdolago","article_modified_time":"2025-06-11T15:26:05+00:00","og_image":[{"width":1779,"height":1200,"url":"https:\/\/www.jardinsdolago.com\/wp-content\/uploads\/sites\/564\/2023\/02\/praia-do-canal-hotel-reception.jpg","type":"image\/jpeg"}],"twitter_card":"summary_large_image","schema":{"@context":"https:\/\/schema.org","@graph":[{"@type":"WebPage","@id":"https:\/\/www.jardinsdolago.com\/pt-pt\/carreiras\/","url":"https:\/\/www.jardinsdolago.com\/pt-pt\/carreiras\/","name":"Carreiras - Quinta Jardins do Lago -","isPartOf":{"@id":"https:\/\/www.jardinsdolago.com\/pt-pt\/#website"},"primaryImageOfPage":{"@id":"https:\/\/www.jardinsdolago.com\/pt-pt\/carreiras\/#primaryimage"},"image":{"@id":"https:\/\/www.jardinsdolago.com\/pt-pt\/carreiras\/#primaryimage"},"thumbnailUrl":"https:\/\/www.jardinsdolago.com\/wp-content\/uploads\/sites\/564\/2023\/02\/praia-do-canal-hotel-reception.jpg","datePublished":"2022-02-17T14:49:52+00:00","dateModified":"2025-06-11T15:26:05+00:00","description":"Na Quinta Jardins do Lagos acreditamos em reconhecer um rosto familiar, dar as boas-vindas a um novo colaborador e tratar cada um que encontrarmos da forma como gostar\u00edamos de ser tratados. Quer trabalhe connosco ou fique connosco, acreditamos que o nosso prop\u00f3sito \u00e9 criar impress\u00f5es que o acompanhar\u00e3o para toda a vida. Vem de nossa cren\u00e7a de que a vida \u00e9 mais rica quando nos relacionamos com as pessoas e o mundo ao nosso redor. &nbsp; &nbsp; &nbsp;","breadcrumb":{"@id":"https:\/\/www.jardinsdolago.com\/pt-pt\/carreiras\/#breadcrumb"},"inLanguage":"pt-PT","potentialAction":[{"@type":"ReadAction","target":["https:\/\/www.jardinsdolago.com\/pt-pt\/carreiras\/"]}]},{"@type":"ImageObject","inLanguage":"pt-PT","@id":"https:\/\/www.jardinsdolago.com\/pt-pt\/carreiras\/#primaryimage","url":"https:\/\/www.jardinsdolago.com\/wp-content\/uploads\/sites\/564\/2023\/02\/praia-do-canal-hotel-reception.jpg","contentUrl":"https:\/\/www.jardinsdolago.com\/wp-content\/uploads\/sites\/564\/2023\/02\/praia-do-canal-hotel-reception.jpg","width":1779,"height":1200},{"@type":"BreadcrumbList","@id":"https:\/\/www.jardinsdolago.com\/pt-pt\/carreiras\/#breadcrumb","itemListElement":[{"@type":"ListItem","position":1,"name":"Home","item":"https:\/\/www.jardinsdolago.com\/pt-pt\/"},{"@type":"ListItem","position":2,"name":"Carreiras"}]},{"@type":"WebSite","@id":"https:\/\/www.jardinsdolago.com\/pt-pt\/#website","url":"https:\/\/www.jardinsdolago.com\/pt-pt\/","name":"Quinta Jardins do Lago","description":"","publisher":{"@id":"https:\/\/www.jardinsdolago.com\/pt-pt\/#organization"},"alternateName":"Quinta Jardins do Lago","potentialAction":[{"@type":"SearchAction","target":{"@type":"EntryPoint","urlTemplate":"https:\/\/www.jardinsdolago.com\/pt-pt\/?s={search_term_string}"},"query-input":{"@type":"PropertyValueSpecification","valueRequired":true,"valueName":"search_term_string"}}],"inLanguage":"pt-PT"},{"@type":"Organization","@id":"https:\/\/www.jardinsdolago.com\/pt-pt\/#organization","name":"Quinta Jardins do Lago","url":"https:\/\/www.jardinsdolago.com\/pt-pt\/","logo":{"@type":"ImageObject","inLanguage":"pt-PT","@id":"https:\/\/www.jardinsdolago.com\/pt-pt\/#\/schema\/logo\/image\/","url":"https:\/\/www.jardinsdolago.com\/wp-content\/uploads\/sites\/564\/2024\/07\/QJL_400X400.svg","contentUrl":"https:\/\/www.jardinsdolago.com\/wp-content\/uploads\/sites\/564\/2024\/07\/QJL_400X400.svg","width":400,"height":400,"caption":"Quinta Jardins do Lago"},"image":{"@id":"https:\/\/www.jardinsdolago.com\/pt-pt\/#\/schema\/logo\/image\/"},"sameAs":["https:\/\/www.facebook.com\/quintajardinsdolago","https:\/\/www.instagram.com\/quintajardinsdolago\/"]}]}},"acf":[],"_links":{"self":[{"href":"https:\/\/www.jardinsdolago.com\/pt-pt\/wp-json\/wp\/v2\/pages\/929","targetHints":{"allow":["GET"]}}],"collection":[{"href":"https:\/\/www.jardinsdolago.com\/pt-pt\/wp-json\/wp\/v2\/pages"}],"about":[{"href":"https:\/\/www.jardinsdolago.com\/pt-pt\/wp-json\/wp\/v2\/types\/page"}],"author":[{"embeddable":true,"href":"https:\/\/www.jardinsdolago.com\/pt-pt\/wp-json\/wp\/v2\/users\/373"}],"replies":[{"embeddable":true,"href":"https:\/\/www.jardinsdolago.com\/pt-pt\/wp-json\/wp\/v2\/comments?post=929"}],"version-history":[{"count":0,"href":"https:\/\/www.jardinsdolago.com\/pt-pt\/wp-json\/wp\/v2\/pages\/929\/revisions"}],"wp:featuredmedia":[{"embeddable":true,"href":"https:\/\/www.jardinsdolago.com\/pt-pt\/wp-json\/wp\/v2\/media\/819"}],"wp:attachment":[{"href":"https:\/\/www.jardinsdolago.com\/pt-pt\/wp-json\/wp\/v2\/media?parent=929"}],"wp:term":[{"taxonomy":"category","embeddable":true,"href":"https:\/\/www.jardinsdolago.com\/pt-pt\/wp-json\/wp\/v2\/categories?post=929"}],"curies":[{"name":"wp","href":"https:\/\/api.w.org\/{rel}","templated":true}]}}